{"id":20058,"date":"2025-03-14T11:34:12","date_gmt":"2025-03-14T17:34:12","guid":{"rendered":"https:\/\/cenezzia.com\/?post_type=product&#038;p=20058"},"modified":"2025-03-14T11:34:48","modified_gmt":"2025-03-14T17:34:48","slug":"angola","status":"publish","type":"product","link":"https:\/\/cenezzia.com\/?product=angola","title":{"rendered":"Angola"},"content":{"rendered":"","protected":false},"excerpt":{"rendered":"<p><strong>Malla de vidrio con plating<\/strong><\/p>\n<p>Medida:\u00a0 30cm x 30cm<\/p>\n<p>Piezas por caja: 15<\/p>\n<p>M2 caja: 1.35<\/p>\n<p>Kgs por pieza: 1.15<\/p>\n<p>Kgs por caja: 17<\/p>\n","protected":false},"featured_media":19987,"template":"","meta":[],"product_cat":[90],"product_tag":[],"class_list":{"0":"post-20058","1":"product","2":"type-product","3":"status-publish","4":"has-post-thumbnail","6":"product_cat-mallas-decorativas","9":"first","10":"instock","11":"shipping-taxable","12":"product-type-simple"},"yoast_head":"<!-- This site is optimized with the Yoast SEO plugin v27.5 - https:\/\/yoast.com\/product\/yoast-seo-wordpress\/ -->\n<title>Angola - Cenezzia - Innovaci\u00f3n y Dise\u00f1o<\/title>\n<meta name=\"description\" content=\"Malla decorativa de lujo para interiores, 30cm x 30cm, 15 piezas por caja, dise\u00f1ada con vidrio y plating\" \/>\n<meta name=\"robots\" content=\"index, follow, max-snippet:-1, max-image-preview:large, max-video-preview:-1\" \/>\n<link rel=\"canonical\" href=\"https:\/\/cenezzia.com\/?product=angola\" \/>\n<meta property=\"og:locale\" content=\"es_ES\" \/>\n<meta property=\"og:type\" content=\"article\" \/>\n<meta property=\"og:title\" content=\"Angola - Cenezzia - Innovaci\u00f3n y Dise\u00f1o\" \/>\n<meta property=\"og:description\" content=\"Malla decorativa de lujo para interiores, 30cm x 30cm, 15 piezas por caja, dise\u00f1ada con vidrio y plating\" \/>\n<meta property=\"og:url\" content=\"https:\/\/cenezzia.com\/?product=angola\" \/>\n<meta property=\"og:site_name\" content=\"Cenezzia - Innovaci\u00f3n y Dise\u00f1o\" \/>\n<meta property=\"article:modified_time\" content=\"2025-03-14T17:34:48+00:00\" \/>\n<meta property=\"og:image\" content=\"https:\/\/cenezzia.com\/wp-content\/uploads\/2025\/03\/angola-1024x1022.png\" \/>\n\t<meta property=\"og:image:width\" content=\"1024\" \/>\n\t<meta property=\"og:image:height\" content=\"1022\" \/>\n\t<meta property=\"og:image:type\" content=\"image\/png\" \/>\n<meta name=\"twitter:card\" content=\"summary_large_image\" \/>\n<meta name=\"twitter:label1\" content=\"Tiempo de lectura\" \/>\n\t<meta name=\"twitter:data1\" content=\"1 minuto\" \/>\n<script type=\"application\/ld+json\" class=\"yoast-schema-graph\">{\"@context\":\"https:\\\/\\\/schema.org\",\"@graph\":[{\"@type\":\"WebPage\",\"@id\":\"https:\\\/\\\/cenezzia.com\\\/?product=angola\",\"url\":\"https:\\\/\\\/cenezzia.com\\\/?product=angola\",\"name\":\"Angola - Cenezzia - Innovaci\u00f3n y Dise\u00f1o\",\"isPartOf\":{\"@id\":\"https:\\\/\\\/cenezzia.com\\\/#website\"},\"primaryImageOfPage\":{\"@id\":\"https:\\\/\\\/cenezzia.com\\\/?product=angola#primaryimage\"},\"image\":{\"@id\":\"https:\\\/\\\/cenezzia.com\\\/?product=angola#primaryimage\"},\"thumbnailUrl\":\"https:\\\/\\\/cenezzia.com\\\/wp-content\\\/uploads\\\/2025\\\/03\\\/angola.png\",\"datePublished\":\"2025-03-14T17:34:12+00:00\",\"dateModified\":\"2025-03-14T17:34:48+00:00\",\"description\":\"Malla decorativa de lujo para interiores, 30cm x 30cm, 15 piezas por caja, dise\u00f1ada con vidrio y plating\",\"breadcrumb\":{\"@id\":\"https:\\\/\\\/cenezzia.com\\\/?product=angola#breadcrumb\"},\"inLanguage\":\"es\",\"potentialAction\":[{\"@type\":\"ReadAction\",\"target\":[\"https:\\\/\\\/cenezzia.com\\\/?product=angola\"]}]},{\"@type\":\"ImageObject\",\"inLanguage\":\"es\",\"@id\":\"https:\\\/\\\/cenezzia.com\\\/?product=angola#primaryimage\",\"url\":\"https:\\\/\\\/cenezzia.com\\\/wp-content\\\/uploads\\\/2025\\\/03\\\/angola.png\",\"contentUrl\":\"https:\\\/\\\/cenezzia.com\\\/wp-content\\\/uploads\\\/2025\\\/03\\\/angola.png\",\"width\":3062,\"height\":3055},{\"@type\":\"BreadcrumbList\",\"@id\":\"https:\\\/\\\/cenezzia.com\\\/?product=angola#breadcrumb\",\"itemListElement\":[{\"@type\":\"ListItem\",\"position\":1,\"name\":\"Home\",\"item\":\"https:\\\/\\\/cenezzia.com\\\/\"},{\"@type\":\"ListItem\",\"position\":2,\"name\":\"Tienda\",\"item\":\"https:\\\/\\\/cenezzia.com\\\/?page_id=6\"},{\"@type\":\"ListItem\",\"position\":3,\"name\":\"Angola\"}]},{\"@type\":\"WebSite\",\"@id\":\"https:\\\/\\\/cenezzia.com\\\/#website\",\"url\":\"https:\\\/\\\/cenezzia.com\\\/\",\"name\":\"Cenezzia - Innovaci\u00f3n y Dise\u00f1o\",\"description\":\"DECORADOS QUE PROYECTAN ELEGANCIA Y DISTINCI\u00d3N\",\"potentialAction\":[{\"@type\":\"SearchAction\",\"target\":{\"@type\":\"EntryPoint\",\"urlTemplate\":\"https:\\\/\\\/cenezzia.com\\\/?s={search_term_string}\"},\"query-input\":{\"@type\":\"PropertyValueSpecification\",\"valueRequired\":true,\"valueName\":\"search_term_string\"}}],\"inLanguage\":\"es\"}]}<\/script>\n<!-- \/ Yoast SEO plugin. -->","yoast_head_json":{"title":"Angola - Cenezzia - Innovaci\u00f3n y Dise\u00f1o","description":"Malla decorativa de lujo para interiores, 30cm x 30cm, 15 piezas por caja, dise\u00f1ada con vidrio y plating","robots":{"index":"index","follow":"follow","max-snippet":"max-snippet:-1","max-image-preview":"max-image-preview:large","max-video-preview":"max-video-preview:-1"},"canonical":"https:\/\/cenezzia.com\/?product=angola","og_locale":"es_ES","og_type":"article","og_title":"Angola - Cenezzia - Innovaci\u00f3n y Dise\u00f1o","og_description":"Malla decorativa de lujo para interiores, 30cm x 30cm, 15 piezas por caja, dise\u00f1ada con vidrio y plating","og_url":"https:\/\/cenezzia.com\/?product=angola","og_site_name":"Cenezzia - Innovaci\u00f3n y Dise\u00f1o","article_modified_time":"2025-03-14T17:34:48+00:00","og_image":[{"width":1024,"height":1022,"url":"https:\/\/cenezzia.com\/wp-content\/uploads\/2025\/03\/angola-1024x1022.png","type":"image\/png"}],"twitter_card":"summary_large_image","twitter_misc":{"Tiempo de lectura":"1 minuto"},"schema":{"@context":"https:\/\/schema.org","@graph":[{"@type":"WebPage","@id":"https:\/\/cenezzia.com\/?product=angola","url":"https:\/\/cenezzia.com\/?product=angola","name":"Angola - Cenezzia - Innovaci\u00f3n y Dise\u00f1o","isPartOf":{"@id":"https:\/\/cenezzia.com\/#website"},"primaryImageOfPage":{"@id":"https:\/\/cenezzia.com\/?product=angola#primaryimage"},"image":{"@id":"https:\/\/cenezzia.com\/?product=angola#primaryimage"},"thumbnailUrl":"https:\/\/cenezzia.com\/wp-content\/uploads\/2025\/03\/angola.png","datePublished":"2025-03-14T17:34:12+00:00","dateModified":"2025-03-14T17:34:48+00:00","description":"Malla decorativa de lujo para interiores, 30cm x 30cm, 15 piezas por caja, dise\u00f1ada con vidrio y plating","breadcrumb":{"@id":"https:\/\/cenezzia.com\/?product=angola#breadcrumb"},"inLanguage":"es","potentialAction":[{"@type":"ReadAction","target":["https:\/\/cenezzia.com\/?product=angola"]}]},{"@type":"ImageObject","inLanguage":"es","@id":"https:\/\/cenezzia.com\/?product=angola#primaryimage","url":"https:\/\/cenezzia.com\/wp-content\/uploads\/2025\/03\/angola.png","contentUrl":"https:\/\/cenezzia.com\/wp-content\/uploads\/2025\/03\/angola.png","width":3062,"height":3055},{"@type":"BreadcrumbList","@id":"https:\/\/cenezzia.com\/?product=angola#breadcrumb","itemListElement":[{"@type":"ListItem","position":1,"name":"Home","item":"https:\/\/cenezzia.com\/"},{"@type":"ListItem","position":2,"name":"Tienda","item":"https:\/\/cenezzia.com\/?page_id=6"},{"@type":"ListItem","position":3,"name":"Angola"}]},{"@type":"WebSite","@id":"https:\/\/cenezzia.com\/#website","url":"https:\/\/cenezzia.com\/","name":"Cenezzia - Innovaci\u00f3n y Dise\u00f1o","description":"DECORADOS QUE PROYECTAN ELEGANCIA Y DISTINCI\u00d3N","potentialAction":[{"@type":"SearchAction","target":{"@type":"EntryPoint","urlTemplate":"https:\/\/cenezzia.com\/?s={search_term_string}"},"query-input":{"@type":"PropertyValueSpecification","valueRequired":true,"valueName":"search_term_string"}}],"inLanguage":"es"}]}},"jetpack_sharing_enabled":true,"_links":{"self":[{"href":"https:\/\/cenezzia.com\/index.php?rest_route=\/wp\/v2\/product\/20058","targetHints":{"allow":["GET"]}}],"collection":[{"href":"https:\/\/cenezzia.com\/index.php?rest_route=\/wp\/v2\/product"}],"about":[{"href":"https:\/\/cenezzia.com\/index.php?rest_route=\/wp\/v2\/types\/product"}],"wp:featuredmedia":[{"embeddable":true,"href":"https:\/\/cenezzia.com\/index.php?rest_route=\/wp\/v2\/media\/19987"}],"wp:attachment":[{"href":"https:\/\/cenezzia.com\/index.php?rest_route=%2Fwp%2Fv2%2Fmedia&parent=20058"}],"wp:term":[{"taxonomy":"product_cat","embeddable":true,"href":"https:\/\/cenezzia.com\/index.php?rest_route=%2Fwp%2Fv2%2Fproduct_cat&post=20058"},{"taxonomy":"product_tag","embeddable":true,"href":"https:\/\/cenezzia.com\/index.php?rest_route=%2Fwp%2Fv2%2Fproduct_tag&post=20058"}],"curies":[{"name":"wp","href":"https:\/\/api.w.org\/{rel}","templated":true}]}}