{"id":19510,"date":"2022-12-06T16:57:58","date_gmt":"2022-12-06T22:57:58","guid":{"rendered":"https:\/\/cenezzia.com\/?post_type=product&#038;p=19510"},"modified":"2022-12-06T16:57:58","modified_gmt":"2022-12-06T22:57:58","slug":"amazona-jade","status":"publish","type":"product","link":"https:\/\/cenezzia.com\/?product=amazona-jade","title":{"rendered":"Amazona jade"},"content":{"rendered":"","protected":false},"excerpt":{"rendered":"<p><strong>Piso-porcelanato<\/strong><\/p>\n<p>Medidas: 60cmx120cm<\/p>\n<p>Piezas por caja: 2<\/p>\n<p>M2 por caja: 1.44<\/p>\n<p>Kgs por caja: 34.50<\/p>\n<p>M2 por pallet: 46.08<\/p>\n<p>Diferentes caras<\/p>\n","protected":false},"featured_media":19507,"template":"","meta":[],"product_cat":[15],"product_tag":[],"class_list":{"0":"post-19510","1":"product","2":"type-product","3":"status-publish","4":"has-post-thumbnail","6":"product_cat-porcelanatos","9":"first","10":"instock","11":"shipping-taxable","12":"product-type-simple"},"yoast_head":"<!-- This site is optimized with the Yoast SEO plugin v27.5 - https:\/\/yoast.com\/product\/yoast-seo-wordpress\/ -->\n<title>Amazona jade - Cenezzia - Innovaci\u00f3n y Dise\u00f1o<\/title>\n<meta name=\"description\" content=\"Porcelanato de gran formato amazona jade 120cmx60cm con 2 piezas por caja, producto espa\u00f1ol\" \/>\n<meta name=\"robots\" content=\"index, follow, max-snippet:-1, max-image-preview:large, max-video-preview:-1\" \/>\n<link rel=\"canonical\" href=\"https:\/\/cenezzia.com\/?product=amazona-jade\" \/>\n<meta property=\"og:locale\" content=\"es_ES\" \/>\n<meta property=\"og:type\" content=\"article\" \/>\n<meta property=\"og:title\" content=\"Amazona jade - Cenezzia - Innovaci\u00f3n y Dise\u00f1o\" \/>\n<meta property=\"og:description\" content=\"Porcelanato de gran formato amazona jade 120cmx60cm con 2 piezas por caja, producto espa\u00f1ol\" \/>\n<meta property=\"og:url\" content=\"https:\/\/cenezzia.com\/?product=amazona-jade\" \/>\n<meta property=\"og:site_name\" content=\"Cenezzia - Innovaci\u00f3n y Dise\u00f1o\" \/>\n<meta property=\"og:image\" content=\"https:\/\/cenezzia.com\/wp-content\/uploads\/2022\/12\/amazaoan-jade.jpg\" \/>\n\t<meta property=\"og:image:width\" content=\"2000\" \/>\n\t<meta property=\"og:image:height\" content=\"1991\" \/>\n\t<meta property=\"og:image:type\" content=\"image\/jpeg\" \/>\n<meta name=\"twitter:card\" content=\"summary_large_image\" \/>\n<script type=\"application\/ld+json\" class=\"yoast-schema-graph\">{\"@context\":\"https:\\\/\\\/schema.org\",\"@graph\":[{\"@type\":\"WebPage\",\"@id\":\"https:\\\/\\\/cenezzia.com\\\/?product=amazona-jade\",\"url\":\"https:\\\/\\\/cenezzia.com\\\/?product=amazona-jade\",\"name\":\"Amazona jade - Cenezzia - Innovaci\u00f3n y Dise\u00f1o\",\"isPartOf\":{\"@id\":\"https:\\\/\\\/cenezzia.com\\\/#website\"},\"primaryImageOfPage\":{\"@id\":\"https:\\\/\\\/cenezzia.com\\\/?product=amazona-jade#primaryimage\"},\"image\":{\"@id\":\"https:\\\/\\\/cenezzia.com\\\/?product=amazona-jade#primaryimage\"},\"thumbnailUrl\":\"https:\\\/\\\/cenezzia.com\\\/wp-content\\\/uploads\\\/2022\\\/12\\\/amazaoan-jade.jpg\",\"datePublished\":\"2022-12-06T22:57:58+00:00\",\"description\":\"Porcelanato de gran formato amazona jade 120cmx60cm con 2 piezas por caja, producto espa\u00f1ol\",\"breadcrumb\":{\"@id\":\"https:\\\/\\\/cenezzia.com\\\/?product=amazona-jade#breadcrumb\"},\"inLanguage\":\"es\",\"potentialAction\":[{\"@type\":\"ReadAction\",\"target\":[\"https:\\\/\\\/cenezzia.com\\\/?product=amazona-jade\"]}]},{\"@type\":\"ImageObject\",\"inLanguage\":\"es\",\"@id\":\"https:\\\/\\\/cenezzia.com\\\/?product=amazona-jade#primaryimage\",\"url\":\"https:\\\/\\\/cenezzia.com\\\/wp-content\\\/uploads\\\/2022\\\/12\\\/amazaoan-jade.jpg\",\"contentUrl\":\"https:\\\/\\\/cenezzia.com\\\/wp-content\\\/uploads\\\/2022\\\/12\\\/amazaoan-jade.jpg\",\"width\":2000,\"height\":1991},{\"@type\":\"BreadcrumbList\",\"@id\":\"https:\\\/\\\/cenezzia.com\\\/?product=amazona-jade#breadcrumb\",\"itemListElement\":[{\"@type\":\"ListItem\",\"position\":1,\"name\":\"Home\",\"item\":\"https:\\\/\\\/cenezzia.com\\\/\"},{\"@type\":\"ListItem\",\"position\":2,\"name\":\"Tienda\",\"item\":\"https:\\\/\\\/cenezzia.com\\\/?page_id=6\"},{\"@type\":\"ListItem\",\"position\":3,\"name\":\"Amazona jade\"}]},{\"@type\":\"WebSite\",\"@id\":\"https:\\\/\\\/cenezzia.com\\\/#website\",\"url\":\"https:\\\/\\\/cenezzia.com\\\/\",\"name\":\"Cenezzia - Innovaci\u00f3n y Dise\u00f1o\",\"description\":\"DECORADOS QUE PROYECTAN ELEGANCIA Y DISTINCI\u00d3N\",\"potentialAction\":[{\"@type\":\"SearchAction\",\"target\":{\"@type\":\"EntryPoint\",\"urlTemplate\":\"https:\\\/\\\/cenezzia.com\\\/?s={search_term_string}\"},\"query-input\":{\"@type\":\"PropertyValueSpecification\",\"valueRequired\":true,\"valueName\":\"search_term_string\"}}],\"inLanguage\":\"es\"}]}<\/script>\n<!-- \/ Yoast SEO plugin. -->","yoast_head_json":{"title":"Amazona jade - Cenezzia - Innovaci\u00f3n y Dise\u00f1o","description":"Porcelanato de gran formato amazona jade 120cmx60cm con 2 piezas por caja, producto espa\u00f1ol","robots":{"index":"index","follow":"follow","max-snippet":"max-snippet:-1","max-image-preview":"max-image-preview:large","max-video-preview":"max-video-preview:-1"},"canonical":"https:\/\/cenezzia.com\/?product=amazona-jade","og_locale":"es_ES","og_type":"article","og_title":"Amazona jade - Cenezzia - Innovaci\u00f3n y Dise\u00f1o","og_description":"Porcelanato de gran formato amazona jade 120cmx60cm con 2 piezas por caja, producto espa\u00f1ol","og_url":"https:\/\/cenezzia.com\/?product=amazona-jade","og_site_name":"Cenezzia - Innovaci\u00f3n y Dise\u00f1o","og_image":[{"width":2000,"height":1991,"url":"https:\/\/cenezzia.com\/wp-content\/uploads\/2022\/12\/amazaoan-jade.jpg","type":"image\/jpeg"}],"twitter_card":"summary_large_image","schema":{"@context":"https:\/\/schema.org","@graph":[{"@type":"WebPage","@id":"https:\/\/cenezzia.com\/?product=amazona-jade","url":"https:\/\/cenezzia.com\/?product=amazona-jade","name":"Amazona jade - Cenezzia - Innovaci\u00f3n y Dise\u00f1o","isPartOf":{"@id":"https:\/\/cenezzia.com\/#website"},"primaryImageOfPage":{"@id":"https:\/\/cenezzia.com\/?product=amazona-jade#primaryimage"},"image":{"@id":"https:\/\/cenezzia.com\/?product=amazona-jade#primaryimage"},"thumbnailUrl":"https:\/\/cenezzia.com\/wp-content\/uploads\/2022\/12\/amazaoan-jade.jpg","datePublished":"2022-12-06T22:57:58+00:00","description":"Porcelanato de gran formato amazona jade 120cmx60cm con 2 piezas por caja, producto espa\u00f1ol","breadcrumb":{"@id":"https:\/\/cenezzia.com\/?product=amazona-jade#breadcrumb"},"inLanguage":"es","potentialAction":[{"@type":"ReadAction","target":["https:\/\/cenezzia.com\/?product=amazona-jade"]}]},{"@type":"ImageObject","inLanguage":"es","@id":"https:\/\/cenezzia.com\/?product=amazona-jade#primaryimage","url":"https:\/\/cenezzia.com\/wp-content\/uploads\/2022\/12\/amazaoan-jade.jpg","contentUrl":"https:\/\/cenezzia.com\/wp-content\/uploads\/2022\/12\/amazaoan-jade.jpg","width":2000,"height":1991},{"@type":"BreadcrumbList","@id":"https:\/\/cenezzia.com\/?product=amazona-jade#breadcrumb","itemListElement":[{"@type":"ListItem","position":1,"name":"Home","item":"https:\/\/cenezzia.com\/"},{"@type":"ListItem","position":2,"name":"Tienda","item":"https:\/\/cenezzia.com\/?page_id=6"},{"@type":"ListItem","position":3,"name":"Amazona jade"}]},{"@type":"WebSite","@id":"https:\/\/cenezzia.com\/#website","url":"https:\/\/cenezzia.com\/","name":"Cenezzia - Innovaci\u00f3n y Dise\u00f1o","description":"DECORADOS QUE PROYECTAN ELEGANCIA Y DISTINCI\u00d3N","potentialAction":[{"@type":"SearchAction","target":{"@type":"EntryPoint","urlTemplate":"https:\/\/cenezzia.com\/?s={search_term_string}"},"query-input":{"@type":"PropertyValueSpecification","valueRequired":true,"valueName":"search_term_string"}}],"inLanguage":"es"}]}},"jetpack_sharing_enabled":true,"_links":{"self":[{"href":"https:\/\/cenezzia.com\/index.php?rest_route=\/wp\/v2\/product\/19510","targetHints":{"allow":["GET"]}}],"collection":[{"href":"https:\/\/cenezzia.com\/index.php?rest_route=\/wp\/v2\/product"}],"about":[{"href":"https:\/\/cenezzia.com\/index.php?rest_route=\/wp\/v2\/types\/product"}],"wp:featuredmedia":[{"embeddable":true,"href":"https:\/\/cenezzia.com\/index.php?rest_route=\/wp\/v2\/media\/19507"}],"wp:attachment":[{"href":"https:\/\/cenezzia.com\/index.php?rest_route=%2Fwp%2Fv2%2Fmedia&parent=19510"}],"wp:term":[{"taxonomy":"product_cat","embeddable":true,"href":"https:\/\/cenezzia.com\/index.php?rest_route=%2Fwp%2Fv2%2Fproduct_cat&post=19510"},{"taxonomy":"product_tag","embeddable":true,"href":"https:\/\/cenezzia.com\/index.php?rest_route=%2Fwp%2Fv2%2Fproduct_tag&post=19510"}],"curies":[{"name":"wp","href":"https:\/\/api.w.org\/{rel}","templated":true}]}}