{"id":19503,"date":"2022-12-06T15:17:02","date_gmt":"2022-12-06T21:17:02","guid":{"rendered":"https:\/\/cenezzia.com\/?post_type=product&#038;p=19503"},"modified":"2022-12-06T15:17:02","modified_gmt":"2022-12-06T21:17:02","slug":"provence-white","status":"publish","type":"product","link":"https:\/\/cenezzia.com\/?product=provence-white","title":{"rendered":"Provence white"},"content":{"rendered":"","protected":false},"excerpt":{"rendered":"<p><strong>Boutique-Decoraci\u00f3n<\/strong><\/p>\n<p>Medida: 31.6cmx60cm<\/p>\n<p>Piezas por caja:<\/p>\n<p>m2 caja: 1.52<\/p>\n<p>kgs por caja: 26<\/p>\n<p>m2 por pallet: 72.96<\/p>\n","protected":false},"featured_media":19494,"template":"","meta":[],"product_cat":[95],"product_tag":[],"class_list":{"0":"post-19503","1":"product","2":"type-product","3":"status-publish","4":"has-post-thumbnail","6":"product_cat-boutique","9":"first","10":"instock","11":"shipping-taxable","12":"product-type-simple"},"yoast_head":"<!-- This site is optimized with the Yoast SEO plugin v27.5 - https:\/\/yoast.com\/product\/yoast-seo-wordpress\/ -->\n<title>Provence white - Cenezzia - Innovaci\u00f3n y Dise\u00f1o<\/title>\n<meta name=\"description\" content=\"Elemento decorativo provence white 31.6cmx60cm con 8 piezas por caja, producto espa\u00f1ol con efecto artesanal\" \/>\n<meta name=\"robots\" content=\"index, follow, max-snippet:-1, max-image-preview:large, max-video-preview:-1\" \/>\n<link rel=\"canonical\" href=\"https:\/\/cenezzia.com\/?product=provence-white\" \/>\n<meta property=\"og:locale\" content=\"es_ES\" \/>\n<meta property=\"og:type\" content=\"article\" \/>\n<meta property=\"og:title\" content=\"Provence white - Cenezzia - Innovaci\u00f3n y Dise\u00f1o\" \/>\n<meta property=\"og:description\" content=\"Elemento decorativo provence white 31.6cmx60cm con 8 piezas por caja, producto espa\u00f1ol con efecto artesanal\" \/>\n<meta property=\"og:url\" content=\"https:\/\/cenezzia.com\/?product=provence-white\" \/>\n<meta property=\"og:site_name\" content=\"Cenezzia - Innovaci\u00f3n y Dise\u00f1o\" \/>\n<meta property=\"og:image\" content=\"https:\/\/cenezzia.com\/wp-content\/uploads\/2022\/12\/PROVENCE-WHITEEEEEEEEEE.jpg\" \/>\n\t<meta property=\"og:image:width\" content=\"2000\" \/>\n\t<meta property=\"og:image:height\" content=\"1991\" \/>\n\t<meta property=\"og:image:type\" content=\"image\/jpeg\" \/>\n<meta name=\"twitter:card\" content=\"summary_large_image\" \/>\n<script type=\"application\/ld+json\" class=\"yoast-schema-graph\">{\"@context\":\"https:\\\/\\\/schema.org\",\"@graph\":[{\"@type\":\"WebPage\",\"@id\":\"https:\\\/\\\/cenezzia.com\\\/?product=provence-white\",\"url\":\"https:\\\/\\\/cenezzia.com\\\/?product=provence-white\",\"name\":\"Provence white - Cenezzia - Innovaci\u00f3n y Dise\u00f1o\",\"isPartOf\":{\"@id\":\"https:\\\/\\\/cenezzia.com\\\/#website\"},\"primaryImageOfPage\":{\"@id\":\"https:\\\/\\\/cenezzia.com\\\/?product=provence-white#primaryimage\"},\"image\":{\"@id\":\"https:\\\/\\\/cenezzia.com\\\/?product=provence-white#primaryimage\"},\"thumbnailUrl\":\"https:\\\/\\\/cenezzia.com\\\/wp-content\\\/uploads\\\/2022\\\/12\\\/PROVENCE-WHITEEEEEEEEEE.jpg\",\"datePublished\":\"2022-12-06T21:17:02+00:00\",\"description\":\"Elemento decorativo provence white 31.6cmx60cm con 8 piezas por caja, producto espa\u00f1ol con efecto artesanal\",\"breadcrumb\":{\"@id\":\"https:\\\/\\\/cenezzia.com\\\/?product=provence-white#breadcrumb\"},\"inLanguage\":\"es\",\"potentialAction\":[{\"@type\":\"ReadAction\",\"target\":[\"https:\\\/\\\/cenezzia.com\\\/?product=provence-white\"]}]},{\"@type\":\"ImageObject\",\"inLanguage\":\"es\",\"@id\":\"https:\\\/\\\/cenezzia.com\\\/?product=provence-white#primaryimage\",\"url\":\"https:\\\/\\\/cenezzia.com\\\/wp-content\\\/uploads\\\/2022\\\/12\\\/PROVENCE-WHITEEEEEEEEEE.jpg\",\"contentUrl\":\"https:\\\/\\\/cenezzia.com\\\/wp-content\\\/uploads\\\/2022\\\/12\\\/PROVENCE-WHITEEEEEEEEEE.jpg\",\"width\":2000,\"height\":1991},{\"@type\":\"BreadcrumbList\",\"@id\":\"https:\\\/\\\/cenezzia.com\\\/?product=provence-white#breadcrumb\",\"itemListElement\":[{\"@type\":\"ListItem\",\"position\":1,\"name\":\"Home\",\"item\":\"https:\\\/\\\/cenezzia.com\\\/\"},{\"@type\":\"ListItem\",\"position\":2,\"name\":\"Tienda\",\"item\":\"https:\\\/\\\/cenezzia.com\\\/?page_id=6\"},{\"@type\":\"ListItem\",\"position\":3,\"name\":\"Provence white\"}]},{\"@type\":\"WebSite\",\"@id\":\"https:\\\/\\\/cenezzia.com\\\/#website\",\"url\":\"https:\\\/\\\/cenezzia.com\\\/\",\"name\":\"Cenezzia - Innovaci\u00f3n y Dise\u00f1o\",\"description\":\"DECORADOS QUE PROYECTAN ELEGANCIA Y DISTINCI\u00d3N\",\"potentialAction\":[{\"@type\":\"SearchAction\",\"target\":{\"@type\":\"EntryPoint\",\"urlTemplate\":\"https:\\\/\\\/cenezzia.com\\\/?s={search_term_string}\"},\"query-input\":{\"@type\":\"PropertyValueSpecification\",\"valueRequired\":true,\"valueName\":\"search_term_string\"}}],\"inLanguage\":\"es\"}]}<\/script>\n<!-- \/ Yoast SEO plugin. -->","yoast_head_json":{"title":"Provence white - Cenezzia - Innovaci\u00f3n y Dise\u00f1o","description":"Elemento decorativo provence white 31.6cmx60cm con 8 piezas por caja, producto espa\u00f1ol con efecto artesanal","robots":{"index":"index","follow":"follow","max-snippet":"max-snippet:-1","max-image-preview":"max-image-preview:large","max-video-preview":"max-video-preview:-1"},"canonical":"https:\/\/cenezzia.com\/?product=provence-white","og_locale":"es_ES","og_type":"article","og_title":"Provence white - Cenezzia - Innovaci\u00f3n y Dise\u00f1o","og_description":"Elemento decorativo provence white 31.6cmx60cm con 8 piezas por caja, producto espa\u00f1ol con efecto artesanal","og_url":"https:\/\/cenezzia.com\/?product=provence-white","og_site_name":"Cenezzia - Innovaci\u00f3n y Dise\u00f1o","og_image":[{"width":2000,"height":1991,"url":"https:\/\/cenezzia.com\/wp-content\/uploads\/2022\/12\/PROVENCE-WHITEEEEEEEEEE.jpg","type":"image\/jpeg"}],"twitter_card":"summary_large_image","schema":{"@context":"https:\/\/schema.org","@graph":[{"@type":"WebPage","@id":"https:\/\/cenezzia.com\/?product=provence-white","url":"https:\/\/cenezzia.com\/?product=provence-white","name":"Provence white - Cenezzia - Innovaci\u00f3n y Dise\u00f1o","isPartOf":{"@id":"https:\/\/cenezzia.com\/#website"},"primaryImageOfPage":{"@id":"https:\/\/cenezzia.com\/?product=provence-white#primaryimage"},"image":{"@id":"https:\/\/cenezzia.com\/?product=provence-white#primaryimage"},"thumbnailUrl":"https:\/\/cenezzia.com\/wp-content\/uploads\/2022\/12\/PROVENCE-WHITEEEEEEEEEE.jpg","datePublished":"2022-12-06T21:17:02+00:00","description":"Elemento decorativo provence white 31.6cmx60cm con 8 piezas por caja, producto espa\u00f1ol con efecto artesanal","breadcrumb":{"@id":"https:\/\/cenezzia.com\/?product=provence-white#breadcrumb"},"inLanguage":"es","potentialAction":[{"@type":"ReadAction","target":["https:\/\/cenezzia.com\/?product=provence-white"]}]},{"@type":"ImageObject","inLanguage":"es","@id":"https:\/\/cenezzia.com\/?product=provence-white#primaryimage","url":"https:\/\/cenezzia.com\/wp-content\/uploads\/2022\/12\/PROVENCE-WHITEEEEEEEEEE.jpg","contentUrl":"https:\/\/cenezzia.com\/wp-content\/uploads\/2022\/12\/PROVENCE-WHITEEEEEEEEEE.jpg","width":2000,"height":1991},{"@type":"BreadcrumbList","@id":"https:\/\/cenezzia.com\/?product=provence-white#breadcrumb","itemListElement":[{"@type":"ListItem","position":1,"name":"Home","item":"https:\/\/cenezzia.com\/"},{"@type":"ListItem","position":2,"name":"Tienda","item":"https:\/\/cenezzia.com\/?page_id=6"},{"@type":"ListItem","position":3,"name":"Provence white"}]},{"@type":"WebSite","@id":"https:\/\/cenezzia.com\/#website","url":"https:\/\/cenezzia.com\/","name":"Cenezzia - Innovaci\u00f3n y Dise\u00f1o","description":"DECORADOS QUE PROYECTAN ELEGANCIA Y DISTINCI\u00d3N","potentialAction":[{"@type":"SearchAction","target":{"@type":"EntryPoint","urlTemplate":"https:\/\/cenezzia.com\/?s={search_term_string}"},"query-input":{"@type":"PropertyValueSpecification","valueRequired":true,"valueName":"search_term_string"}}],"inLanguage":"es"}]}},"jetpack_sharing_enabled":true,"_links":{"self":[{"href":"https:\/\/cenezzia.com\/index.php?rest_route=\/wp\/v2\/product\/19503","targetHints":{"allow":["GET"]}}],"collection":[{"href":"https:\/\/cenezzia.com\/index.php?rest_route=\/wp\/v2\/product"}],"about":[{"href":"https:\/\/cenezzia.com\/index.php?rest_route=\/wp\/v2\/types\/product"}],"wp:featuredmedia":[{"embeddable":true,"href":"https:\/\/cenezzia.com\/index.php?rest_route=\/wp\/v2\/media\/19494"}],"wp:attachment":[{"href":"https:\/\/cenezzia.com\/index.php?rest_route=%2Fwp%2Fv2%2Fmedia&parent=19503"}],"wp:term":[{"taxonomy":"product_cat","embeddable":true,"href":"https:\/\/cenezzia.com\/index.php?rest_route=%2Fwp%2Fv2%2Fproduct_cat&post=19503"},{"taxonomy":"product_tag","embeddable":true,"href":"https:\/\/cenezzia.com\/index.php?rest_route=%2Fwp%2Fv2%2Fproduct_tag&post=19503"}],"curies":[{"name":"wp","href":"https:\/\/api.w.org\/{rel}","templated":true}]}}