{"id":18552,"date":"2022-07-11T15:07:18","date_gmt":"2022-07-11T15:07:18","guid":{"rendered":"https:\/\/cenezzia.com\/?post_type=product&#038;p=18552"},"modified":"2022-07-22T19:21:35","modified_gmt":"2022-07-22T19:21:35","slug":"etna-marfil","status":"publish","type":"product","link":"https:\/\/cenezzia.com\/?product=etna-marfil","title":{"rendered":"Etna marfil"},"content":{"rendered":"<p>&nbsp;<\/p>\n<p>&nbsp;<\/p>\n","protected":false},"excerpt":{"rendered":"<p><strong>Piso-porcelanato<\/strong><\/p>\n<p>Medidas: 60cmx120cm<\/p>\n<p>Piezas por caja: 2<\/p>\n<p>M2 por caja: 1.44<\/p>\n<p>Kgs por caja: 19.23<\/p>\n<p>M2 por pallet: 51.84<\/p>\n<p>Diferentes caras<\/p>\n","protected":false},"featured_media":18545,"template":"","meta":[],"product_cat":[15],"product_tag":[],"class_list":{"0":"post-18552","1":"product","2":"type-product","3":"status-publish","4":"has-post-thumbnail","6":"product_cat-porcelanatos","9":"first","10":"instock","11":"shipping-taxable","12":"product-type-simple"},"yoast_head":"<!-- This site is optimized with the Yoast SEO plugin v27.5 - https:\/\/yoast.com\/product\/yoast-seo-wordpress\/ -->\n<title>Etna marfil - Cenezzia - Innovaci\u00f3n y Dise\u00f1o<\/title>\n<meta name=\"description\" content=\"Porcelanato de gran formato Etna marfil 120cmx60cm con 2 piezas por caja, producto espa\u00f1ol\" \/>\n<meta name=\"robots\" content=\"index, follow, max-snippet:-1, max-image-preview:large, max-video-preview:-1\" \/>\n<link rel=\"canonical\" href=\"https:\/\/cenezzia.com\/?product=etna-marfil\" \/>\n<meta property=\"og:locale\" content=\"es_ES\" \/>\n<meta property=\"og:type\" content=\"article\" \/>\n<meta property=\"og:title\" content=\"Etna marfil - Cenezzia - Innovaci\u00f3n y Dise\u00f1o\" \/>\n<meta property=\"og:description\" content=\"Porcelanato de gran formato Etna marfil 120cmx60cm con 2 piezas por caja, producto espa\u00f1ol\" \/>\n<meta property=\"og:url\" content=\"https:\/\/cenezzia.com\/?product=etna-marfil\" \/>\n<meta property=\"og:site_name\" content=\"Cenezzia - Innovaci\u00f3n y Dise\u00f1o\" \/>\n<meta property=\"article:modified_time\" content=\"2022-07-22T19:21:35+00:00\" \/>\n<meta property=\"og:image\" content=\"https:\/\/cenezzia.com\/wp-content\/uploads\/2022\/07\/etna-marfil.jpg\" \/>\n\t<meta property=\"og:image:width\" content=\"2000\" \/>\n\t<meta property=\"og:image:height\" content=\"1991\" \/>\n\t<meta property=\"og:image:type\" content=\"image\/jpeg\" \/>\n<meta name=\"twitter:card\" content=\"summary_large_image\" \/>\n<script type=\"application\/ld+json\" class=\"yoast-schema-graph\">{\"@context\":\"https:\\\/\\\/schema.org\",\"@graph\":[{\"@type\":\"WebPage\",\"@id\":\"https:\\\/\\\/cenezzia.com\\\/?product=etna-marfil\",\"url\":\"https:\\\/\\\/cenezzia.com\\\/?product=etna-marfil\",\"name\":\"Etna marfil - Cenezzia - Innovaci\u00f3n y Dise\u00f1o\",\"isPartOf\":{\"@id\":\"https:\\\/\\\/cenezzia.com\\\/#website\"},\"primaryImageOfPage\":{\"@id\":\"https:\\\/\\\/cenezzia.com\\\/?product=etna-marfil#primaryimage\"},\"image\":{\"@id\":\"https:\\\/\\\/cenezzia.com\\\/?product=etna-marfil#primaryimage\"},\"thumbnailUrl\":\"https:\\\/\\\/cenezzia.com\\\/wp-content\\\/uploads\\\/2022\\\/07\\\/etna-marfil.jpg\",\"datePublished\":\"2022-07-11T15:07:18+00:00\",\"dateModified\":\"2022-07-22T19:21:35+00:00\",\"description\":\"Porcelanato de gran formato Etna marfil 120cmx60cm con 2 piezas por caja, producto espa\u00f1ol\",\"breadcrumb\":{\"@id\":\"https:\\\/\\\/cenezzia.com\\\/?product=etna-marfil#breadcrumb\"},\"inLanguage\":\"es\",\"potentialAction\":[{\"@type\":\"ReadAction\",\"target\":[\"https:\\\/\\\/cenezzia.com\\\/?product=etna-marfil\"]}]},{\"@type\":\"ImageObject\",\"inLanguage\":\"es\",\"@id\":\"https:\\\/\\\/cenezzia.com\\\/?product=etna-marfil#primaryimage\",\"url\":\"https:\\\/\\\/cenezzia.com\\\/wp-content\\\/uploads\\\/2022\\\/07\\\/etna-marfil.jpg\",\"contentUrl\":\"https:\\\/\\\/cenezzia.com\\\/wp-content\\\/uploads\\\/2022\\\/07\\\/etna-marfil.jpg\",\"width\":2000,\"height\":1991},{\"@type\":\"BreadcrumbList\",\"@id\":\"https:\\\/\\\/cenezzia.com\\\/?product=etna-marfil#breadcrumb\",\"itemListElement\":[{\"@type\":\"ListItem\",\"position\":1,\"name\":\"Home\",\"item\":\"https:\\\/\\\/cenezzia.com\\\/\"},{\"@type\":\"ListItem\",\"position\":2,\"name\":\"Tienda\",\"item\":\"https:\\\/\\\/cenezzia.com\\\/?page_id=6\"},{\"@type\":\"ListItem\",\"position\":3,\"name\":\"Etna marfil\"}]},{\"@type\":\"WebSite\",\"@id\":\"https:\\\/\\\/cenezzia.com\\\/#website\",\"url\":\"https:\\\/\\\/cenezzia.com\\\/\",\"name\":\"Cenezzia - Innovaci\u00f3n y Dise\u00f1o\",\"description\":\"DECORADOS QUE PROYECTAN ELEGANCIA Y DISTINCI\u00d3N\",\"potentialAction\":[{\"@type\":\"SearchAction\",\"target\":{\"@type\":\"EntryPoint\",\"urlTemplate\":\"https:\\\/\\\/cenezzia.com\\\/?s={search_term_string}\"},\"query-input\":{\"@type\":\"PropertyValueSpecification\",\"valueRequired\":true,\"valueName\":\"search_term_string\"}}],\"inLanguage\":\"es\"}]}<\/script>\n<!-- \/ Yoast SEO plugin. -->","yoast_head_json":{"title":"Etna marfil - Cenezzia - Innovaci\u00f3n y Dise\u00f1o","description":"Porcelanato de gran formato Etna marfil 120cmx60cm con 2 piezas por caja, producto espa\u00f1ol","robots":{"index":"index","follow":"follow","max-snippet":"max-snippet:-1","max-image-preview":"max-image-preview:large","max-video-preview":"max-video-preview:-1"},"canonical":"https:\/\/cenezzia.com\/?product=etna-marfil","og_locale":"es_ES","og_type":"article","og_title":"Etna marfil - Cenezzia - Innovaci\u00f3n y Dise\u00f1o","og_description":"Porcelanato de gran formato Etna marfil 120cmx60cm con 2 piezas por caja, producto espa\u00f1ol","og_url":"https:\/\/cenezzia.com\/?product=etna-marfil","og_site_name":"Cenezzia - Innovaci\u00f3n y Dise\u00f1o","article_modified_time":"2022-07-22T19:21:35+00:00","og_image":[{"width":2000,"height":1991,"url":"https:\/\/cenezzia.com\/wp-content\/uploads\/2022\/07\/etna-marfil.jpg","type":"image\/jpeg"}],"twitter_card":"summary_large_image","schema":{"@context":"https:\/\/schema.org","@graph":[{"@type":"WebPage","@id":"https:\/\/cenezzia.com\/?product=etna-marfil","url":"https:\/\/cenezzia.com\/?product=etna-marfil","name":"Etna marfil - Cenezzia - Innovaci\u00f3n y Dise\u00f1o","isPartOf":{"@id":"https:\/\/cenezzia.com\/#website"},"primaryImageOfPage":{"@id":"https:\/\/cenezzia.com\/?product=etna-marfil#primaryimage"},"image":{"@id":"https:\/\/cenezzia.com\/?product=etna-marfil#primaryimage"},"thumbnailUrl":"https:\/\/cenezzia.com\/wp-content\/uploads\/2022\/07\/etna-marfil.jpg","datePublished":"2022-07-11T15:07:18+00:00","dateModified":"2022-07-22T19:21:35+00:00","description":"Porcelanato de gran formato Etna marfil 120cmx60cm con 2 piezas por caja, producto espa\u00f1ol","breadcrumb":{"@id":"https:\/\/cenezzia.com\/?product=etna-marfil#breadcrumb"},"inLanguage":"es","potentialAction":[{"@type":"ReadAction","target":["https:\/\/cenezzia.com\/?product=etna-marfil"]}]},{"@type":"ImageObject","inLanguage":"es","@id":"https:\/\/cenezzia.com\/?product=etna-marfil#primaryimage","url":"https:\/\/cenezzia.com\/wp-content\/uploads\/2022\/07\/etna-marfil.jpg","contentUrl":"https:\/\/cenezzia.com\/wp-content\/uploads\/2022\/07\/etna-marfil.jpg","width":2000,"height":1991},{"@type":"BreadcrumbList","@id":"https:\/\/cenezzia.com\/?product=etna-marfil#breadcrumb","itemListElement":[{"@type":"ListItem","position":1,"name":"Home","item":"https:\/\/cenezzia.com\/"},{"@type":"ListItem","position":2,"name":"Tienda","item":"https:\/\/cenezzia.com\/?page_id=6"},{"@type":"ListItem","position":3,"name":"Etna marfil"}]},{"@type":"WebSite","@id":"https:\/\/cenezzia.com\/#website","url":"https:\/\/cenezzia.com\/","name":"Cenezzia - Innovaci\u00f3n y Dise\u00f1o","description":"DECORADOS QUE PROYECTAN ELEGANCIA Y DISTINCI\u00d3N","potentialAction":[{"@type":"SearchAction","target":{"@type":"EntryPoint","urlTemplate":"https:\/\/cenezzia.com\/?s={search_term_string}"},"query-input":{"@type":"PropertyValueSpecification","valueRequired":true,"valueName":"search_term_string"}}],"inLanguage":"es"}]}},"jetpack_sharing_enabled":true,"_links":{"self":[{"href":"https:\/\/cenezzia.com\/index.php?rest_route=\/wp\/v2\/product\/18552","targetHints":{"allow":["GET"]}}],"collection":[{"href":"https:\/\/cenezzia.com\/index.php?rest_route=\/wp\/v2\/product"}],"about":[{"href":"https:\/\/cenezzia.com\/index.php?rest_route=\/wp\/v2\/types\/product"}],"wp:featuredmedia":[{"embeddable":true,"href":"https:\/\/cenezzia.com\/index.php?rest_route=\/wp\/v2\/media\/18545"}],"wp:attachment":[{"href":"https:\/\/cenezzia.com\/index.php?rest_route=%2Fwp%2Fv2%2Fmedia&parent=18552"}],"wp:term":[{"taxonomy":"product_cat","embeddable":true,"href":"https:\/\/cenezzia.com\/index.php?rest_route=%2Fwp%2Fv2%2Fproduct_cat&post=18552"},{"taxonomy":"product_tag","embeddable":true,"href":"https:\/\/cenezzia.com\/index.php?rest_route=%2Fwp%2Fv2%2Fproduct_tag&post=18552"}],"curies":[{"name":"wp","href":"https:\/\/api.w.org\/{rel}","templated":true}]}}