{"id":18498,"date":"2022-07-07T19:29:44","date_gmt":"2022-07-07T19:29:44","guid":{"rendered":"https:\/\/cenezzia.com\/?post_type=product&#038;p=18498"},"modified":"2022-08-10T11:26:24","modified_gmt":"2022-08-10T17:26:24","slug":"bellagio-caramel","status":"publish","type":"product","link":"https:\/\/cenezzia.com\/?product=bellagio-caramel","title":{"rendered":"Bellagio caramel"},"content":{"rendered":"","protected":false},"excerpt":{"rendered":"<p><strong>Boutique-Decoraci\u00f3n<\/strong><\/p>\n<p>Medida: 10cmx30cm<\/p>\n<p>Piezas por caja: 34<\/p>\n<p>m2 caja: 1.02<\/p>\n<p>kgs por caja: 13.94<\/p>\n<p>m2 por pallet: 107.1<\/p>\n","protected":false},"featured_media":18485,"template":"","meta":[],"product_cat":[95],"product_tag":[],"class_list":{"0":"post-18498","1":"product","2":"type-product","3":"status-publish","4":"has-post-thumbnail","6":"product_cat-boutique","9":"first","10":"instock","11":"shipping-taxable","12":"product-type-simple"},"yoast_head":"<!-- This site is optimized with the Yoast SEO plugin v27.4 - https:\/\/yoast.com\/product\/yoast-seo-wordpress\/ -->\n<title>Bellagio caramel - Cenezzia - Innovaci\u00f3n y Dise\u00f1o<\/title>\n<meta name=\"description\" content=\"Elemento decorativo bellagio smeraldo 10cmx30cm con 34 piezas por caja, producto espa\u00f1ol con efecto artesanal\" \/>\n<meta name=\"robots\" content=\"index, follow, max-snippet:-1, max-image-preview:large, max-video-preview:-1\" \/>\n<link rel=\"canonical\" href=\"https:\/\/cenezzia.com\/?product=bellagio-caramel\" \/>\n<meta property=\"og:locale\" content=\"es_ES\" \/>\n<meta property=\"og:type\" content=\"article\" \/>\n<meta property=\"og:title\" content=\"Bellagio caramel - Cenezzia - Innovaci\u00f3n y Dise\u00f1o\" \/>\n<meta property=\"og:description\" content=\"Elemento decorativo bellagio smeraldo 10cmx30cm con 34 piezas por caja, producto espa\u00f1ol con efecto artesanal\" \/>\n<meta property=\"og:url\" content=\"https:\/\/cenezzia.com\/?product=bellagio-caramel\" \/>\n<meta property=\"og:site_name\" content=\"Cenezzia - Innovaci\u00f3n y Dise\u00f1o\" \/>\n<meta property=\"article:modified_time\" content=\"2022-08-10T17:26:24+00:00\" \/>\n<meta property=\"og:image\" content=\"https:\/\/cenezzia.com\/wp-content\/uploads\/2022\/07\/bellagio-caramel.jpg\" \/>\n\t<meta property=\"og:image:width\" content=\"2000\" \/>\n\t<meta property=\"og:image:height\" content=\"1991\" \/>\n\t<meta property=\"og:image:type\" content=\"image\/jpeg\" \/>\n<meta name=\"twitter:card\" content=\"summary_large_image\" \/>\n<script type=\"application\/ld+json\" class=\"yoast-schema-graph\">{\"@context\":\"https:\\\/\\\/schema.org\",\"@graph\":[{\"@type\":\"WebPage\",\"@id\":\"https:\\\/\\\/cenezzia.com\\\/?product=bellagio-caramel\",\"url\":\"https:\\\/\\\/cenezzia.com\\\/?product=bellagio-caramel\",\"name\":\"Bellagio caramel - Cenezzia - Innovaci\u00f3n y Dise\u00f1o\",\"isPartOf\":{\"@id\":\"https:\\\/\\\/cenezzia.com\\\/#website\"},\"primaryImageOfPage\":{\"@id\":\"https:\\\/\\\/cenezzia.com\\\/?product=bellagio-caramel#primaryimage\"},\"image\":{\"@id\":\"https:\\\/\\\/cenezzia.com\\\/?product=bellagio-caramel#primaryimage\"},\"thumbnailUrl\":\"https:\\\/\\\/cenezzia.com\\\/wp-content\\\/uploads\\\/2022\\\/07\\\/bellagio-caramel.jpg\",\"datePublished\":\"2022-07-07T19:29:44+00:00\",\"dateModified\":\"2022-08-10T17:26:24+00:00\",\"description\":\"Elemento decorativo bellagio smeraldo 10cmx30cm con 34 piezas por caja, producto espa\u00f1ol con efecto artesanal\",\"breadcrumb\":{\"@id\":\"https:\\\/\\\/cenezzia.com\\\/?product=bellagio-caramel#breadcrumb\"},\"inLanguage\":\"es\",\"potentialAction\":[{\"@type\":\"ReadAction\",\"target\":[\"https:\\\/\\\/cenezzia.com\\\/?product=bellagio-caramel\"]}]},{\"@type\":\"ImageObject\",\"inLanguage\":\"es\",\"@id\":\"https:\\\/\\\/cenezzia.com\\\/?product=bellagio-caramel#primaryimage\",\"url\":\"https:\\\/\\\/cenezzia.com\\\/wp-content\\\/uploads\\\/2022\\\/07\\\/bellagio-caramel.jpg\",\"contentUrl\":\"https:\\\/\\\/cenezzia.com\\\/wp-content\\\/uploads\\\/2022\\\/07\\\/bellagio-caramel.jpg\",\"width\":2000,\"height\":1991},{\"@type\":\"BreadcrumbList\",\"@id\":\"https:\\\/\\\/cenezzia.com\\\/?product=bellagio-caramel#breadcrumb\",\"itemListElement\":[{\"@type\":\"ListItem\",\"position\":1,\"name\":\"Home\",\"item\":\"https:\\\/\\\/cenezzia.com\\\/\"},{\"@type\":\"ListItem\",\"position\":2,\"name\":\"Tienda\",\"item\":\"https:\\\/\\\/cenezzia.com\\\/?page_id=6\"},{\"@type\":\"ListItem\",\"position\":3,\"name\":\"Bellagio caramel\"}]},{\"@type\":\"WebSite\",\"@id\":\"https:\\\/\\\/cenezzia.com\\\/#website\",\"url\":\"https:\\\/\\\/cenezzia.com\\\/\",\"name\":\"Cenezzia - Innovaci\u00f3n y Dise\u00f1o\",\"description\":\"DECORADOS QUE PROYECTAN ELEGANCIA Y DISTINCI\u00d3N\",\"potentialAction\":[{\"@type\":\"SearchAction\",\"target\":{\"@type\":\"EntryPoint\",\"urlTemplate\":\"https:\\\/\\\/cenezzia.com\\\/?s={search_term_string}\"},\"query-input\":{\"@type\":\"PropertyValueSpecification\",\"valueRequired\":true,\"valueName\":\"search_term_string\"}}],\"inLanguage\":\"es\"}]}<\/script>\n<!-- \/ Yoast SEO plugin. -->","yoast_head_json":{"title":"Bellagio caramel - Cenezzia - Innovaci\u00f3n y Dise\u00f1o","description":"Elemento decorativo bellagio smeraldo 10cmx30cm con 34 piezas por caja, producto espa\u00f1ol con efecto artesanal","robots":{"index":"index","follow":"follow","max-snippet":"max-snippet:-1","max-image-preview":"max-image-preview:large","max-video-preview":"max-video-preview:-1"},"canonical":"https:\/\/cenezzia.com\/?product=bellagio-caramel","og_locale":"es_ES","og_type":"article","og_title":"Bellagio caramel - Cenezzia - Innovaci\u00f3n y Dise\u00f1o","og_description":"Elemento decorativo bellagio smeraldo 10cmx30cm con 34 piezas por caja, producto espa\u00f1ol con efecto artesanal","og_url":"https:\/\/cenezzia.com\/?product=bellagio-caramel","og_site_name":"Cenezzia - Innovaci\u00f3n y Dise\u00f1o","article_modified_time":"2022-08-10T17:26:24+00:00","og_image":[{"width":2000,"height":1991,"url":"https:\/\/cenezzia.com\/wp-content\/uploads\/2022\/07\/bellagio-caramel.jpg","type":"image\/jpeg"}],"twitter_card":"summary_large_image","schema":{"@context":"https:\/\/schema.org","@graph":[{"@type":"WebPage","@id":"https:\/\/cenezzia.com\/?product=bellagio-caramel","url":"https:\/\/cenezzia.com\/?product=bellagio-caramel","name":"Bellagio caramel - Cenezzia - Innovaci\u00f3n y Dise\u00f1o","isPartOf":{"@id":"https:\/\/cenezzia.com\/#website"},"primaryImageOfPage":{"@id":"https:\/\/cenezzia.com\/?product=bellagio-caramel#primaryimage"},"image":{"@id":"https:\/\/cenezzia.com\/?product=bellagio-caramel#primaryimage"},"thumbnailUrl":"https:\/\/cenezzia.com\/wp-content\/uploads\/2022\/07\/bellagio-caramel.jpg","datePublished":"2022-07-07T19:29:44+00:00","dateModified":"2022-08-10T17:26:24+00:00","description":"Elemento decorativo bellagio smeraldo 10cmx30cm con 34 piezas por caja, producto espa\u00f1ol con efecto artesanal","breadcrumb":{"@id":"https:\/\/cenezzia.com\/?product=bellagio-caramel#breadcrumb"},"inLanguage":"es","potentialAction":[{"@type":"ReadAction","target":["https:\/\/cenezzia.com\/?product=bellagio-caramel"]}]},{"@type":"ImageObject","inLanguage":"es","@id":"https:\/\/cenezzia.com\/?product=bellagio-caramel#primaryimage","url":"https:\/\/cenezzia.com\/wp-content\/uploads\/2022\/07\/bellagio-caramel.jpg","contentUrl":"https:\/\/cenezzia.com\/wp-content\/uploads\/2022\/07\/bellagio-caramel.jpg","width":2000,"height":1991},{"@type":"BreadcrumbList","@id":"https:\/\/cenezzia.com\/?product=bellagio-caramel#breadcrumb","itemListElement":[{"@type":"ListItem","position":1,"name":"Home","item":"https:\/\/cenezzia.com\/"},{"@type":"ListItem","position":2,"name":"Tienda","item":"https:\/\/cenezzia.com\/?page_id=6"},{"@type":"ListItem","position":3,"name":"Bellagio caramel"}]},{"@type":"WebSite","@id":"https:\/\/cenezzia.com\/#website","url":"https:\/\/cenezzia.com\/","name":"Cenezzia - Innovaci\u00f3n y Dise\u00f1o","description":"DECORADOS QUE PROYECTAN ELEGANCIA Y DISTINCI\u00d3N","potentialAction":[{"@type":"SearchAction","target":{"@type":"EntryPoint","urlTemplate":"https:\/\/cenezzia.com\/?s={search_term_string}"},"query-input":{"@type":"PropertyValueSpecification","valueRequired":true,"valueName":"search_term_string"}}],"inLanguage":"es"}]}},"jetpack_sharing_enabled":true,"_links":{"self":[{"href":"https:\/\/cenezzia.com\/index.php?rest_route=\/wp\/v2\/product\/18498","targetHints":{"allow":["GET"]}}],"collection":[{"href":"https:\/\/cenezzia.com\/index.php?rest_route=\/wp\/v2\/product"}],"about":[{"href":"https:\/\/cenezzia.com\/index.php?rest_route=\/wp\/v2\/types\/product"}],"wp:featuredmedia":[{"embeddable":true,"href":"https:\/\/cenezzia.com\/index.php?rest_route=\/wp\/v2\/media\/18485"}],"wp:attachment":[{"href":"https:\/\/cenezzia.com\/index.php?rest_route=%2Fwp%2Fv2%2Fmedia&parent=18498"}],"wp:term":[{"taxonomy":"product_cat","embeddable":true,"href":"https:\/\/cenezzia.com\/index.php?rest_route=%2Fwp%2Fv2%2Fproduct_cat&post=18498"},{"taxonomy":"product_tag","embeddable":true,"href":"https:\/\/cenezzia.com\/index.php?rest_route=%2Fwp%2Fv2%2Fproduct_tag&post=18498"}],"curies":[{"name":"wp","href":"https:\/\/api.w.org\/{rel}","templated":true}]}}