{"id":19187,"date":"2022-07-22T16:52:32","date_gmt":"2022-07-22T16:52:32","guid":{"rendered":"https:\/\/cenezzia.com\/?page_id=19187"},"modified":"2022-07-22T18:25:21","modified_gmt":"2022-07-22T18:25:21","slug":"vision-2","status":"publish","type":"page","link":"https:\/\/cenezzia.com\/?page_id=19187","title":{"rendered":"Visi\u00f3n"},"content":{"rendered":"\t\t<div data-elementor-type=\"wp-page\" data-elementor-id=\"19187\" class=\"elementor elementor-19187\">\n\t\t\t\t\t\t<section class=\"elementor-section elementor-top-section elementor-element elementor-element-d8ac897 elementor-section-boxed elementor-section-height-default elementor-section-height-default\" data-id=\"d8ac897\" data-element_type=\"section\" data-e-type=\"section\">\n\t\t\t\t\t\t<div class=\"elementor-container elementor-column-gap-default\">\n\t\t\t\t\t<div class=\"elementor-column elementor-col-100 elementor-top-column elementor-element elementor-element-846ecb3\" data-id=\"846ecb3\" data-element_type=\"column\" data-e-type=\"column\">\n\t\t\t<div class=\"elementor-widget-wrap elementor-element-populated\">\n\t\t\t\t\t\t<div class=\"elementor-element elementor-element-ed4ad71 elementor-widget elementor-widget-slider_revolution\" data-id=\"ed4ad71\" data-element_type=\"widget\" data-e-type=\"widget\" data-widget_type=\"slider_revolution.default\">\n\t\t\t\t<div class=\"elementor-widget-container\">\n\t\t\t\t\t\r\n\t\t<div class=\"wp-block-themepunch-revslider\">\n\t\t\t<!-- START slide3 REVOLUTION SLIDER 6.6.12 --><p class=\"rs-p-wp-fix\"><\/p>\n\t\t\t<rs-module-wrap id=\"rev_slider_9_1_wrapper\" data-source=\"gallery\" style=\"visibility:hidden;background:transparent;padding:0;margin:0px auto;margin-top:0;margin-bottom:0;max-width:none;\">\n\t\t\t\t<rs-module id=\"rev_slider_9_1\" style=\"\" data-version=\"6.6.12\">\n\t\t\t\t\t<rs-slides style=\"overflow: hidden; position: absolute;\">\n\t\t\t\t\t\t<rs-slide style=\"position: absolute;\" data-key=\"rs-28\" data-title=\"main banner1\" data-thumb=\"\/\/cenezzia.com\/wp-content\/uploads\/2022\/07\/slidea-100x50.jpg\" data-anim=\"adpr:false;p:dark;f:slidebased;\" data-in=\"o:1;y:(100%);m:true;col:5;\" data-out=\"a:false;\">\n\t\t\t\t\t\t\t<img fetchpriority=\"high\" decoding=\"async\" src=\"\/\/cenezzia.com\/wp-content\/plugins\/revslider\/public\/assets\/assets\/dummy.png\" alt=\"\" title=\"slidea\" width=\"2537\" height=\"867\" class=\"rev-slidebg tp-rs-img rs-lazyload\" data-lazyload=\"\/\/cenezzia.com\/wp-content\/uploads\/2022\/07\/slidea.jpg\" data-panzoom=\"d:10000ms;e:power0.in;ss:100;se:110%;\" data-no-retina>\n<!---->\t\t\t\t\t\t<\/rs-slide>\n\t\t\t\t\t\t<rs-slide style=\"position: absolute;\" data-key=\"rs-29\" data-title=\"main banner1\" data-thumb=\"\/\/cenezzia.com\/wp-content\/uploads\/2022\/07\/fachaletas-100x50.jpg\" data-anim=\"adpr:false;f:slidebased;\" data-in=\"o:1;y:cyc(100%|-100%);m:true;col:8;\" data-out=\"a:false;\">\n\t\t\t\t\t\t\t<img decoding=\"async\" src=\"\/\/cenezzia.com\/wp-content\/plugins\/revslider\/public\/assets\/assets\/dummy.png\" alt=\"\" title=\"fachaletas\" width=\"2537\" height=\"867\" class=\"rev-slidebg tp-rs-img rs-lazyload\" data-lazyload=\"\/\/cenezzia.com\/wp-content\/uploads\/2022\/07\/fachaletas.jpg\" data-panzoom=\"d:10000ms;e:power0.in;ss:100;se:110%;\" data-no-retina>\n<!---->\t\t\t\t\t\t<\/rs-slide>\n\t\t\t\t\t<\/rs-slides>\n\t\t\t\t\t<rs-static-layers><!--\n\t\t\t\t\t--><\/rs-static-layers>\n\t\t\t\t<\/rs-module>\n\t\t\t\t<script>\n\t\t\t\t\tsetREVStartSize({c: 'rev_slider_9_1',rl:[1240,1024,778,480],el:[650,440,420,400],gw:[1903,937,767,480],gh:[650,440,420,400],type:'standard',justify:'',layout:'fullwidth',mh:\"0\"});if (window.RS_MODULES!==undefined && window.RS_MODULES.modules!==undefined && window.RS_MODULES.modules[\"revslider91\"]!==undefined) {window.RS_MODULES.modules[\"revslider91\"].once = false;window.revapi9 = undefined;if (window.RS_MODULES.checkMinimal!==undefined) window.RS_MODULES.checkMinimal()}\n\t\t\t\t<\/script>\n\t\t\t<\/rs-module-wrap>\n\t\t\t<!-- END REVOLUTION SLIDER -->\n<\/div>\r\n\r\n\t\t\t\t\t\t<\/div>\n\t\t\t\t<\/div>\n\t\t\t\t<div class=\"elementor-element elementor-element-df298e9 tm-title elementor-widget elementor-widget-heading\" data-id=\"df298e9\" data-element_type=\"widget\" data-e-type=\"widget\" data-widget_type=\"heading.default\">\n\t\t\t\t<div class=\"elementor-widget-container\">\n\t\t\t\t\t<h2 class=\"elementor-heading-title elementor-size-default\">Visi\u00f3n<\/h2>\t\t\t\t<\/div>\n\t\t\t\t<\/div>\n\t\t\t\t\t<\/div>\n\t\t<\/div>\n\t\t\t\t\t<\/div>\n\t\t<\/section>\n\t\t\t\t<section class=\"elementor-section elementor-top-section elementor-element elementor-element-bc47406 elementor-section-boxed elementor-section-height-default elementor-section-height-default\" data-id=\"bc47406\" data-element_type=\"section\" data-e-type=\"section\">\n\t\t\t\t\t\t<div class=\"elementor-container elementor-column-gap-default\">\n\t\t\t\t\t<div class=\"elementor-column elementor-col-66 elementor-top-column elementor-element elementor-element-2739ce4\" data-id=\"2739ce4\" data-element_type=\"column\" data-e-type=\"column\">\n\t\t\t<div class=\"elementor-widget-wrap elementor-element-populated\">\n\t\t\t\t\t\t<div class=\"elementor-element elementor-element-9df47d7 elementor-widget elementor-widget-text-editor\" data-id=\"9df47d7\" data-element_type=\"widget\" data-e-type=\"widget\" data-widget_type=\"text-editor.default\">\n\t\t\t\t<div class=\"elementor-widget-container\">\n\t\t\t\t\t\t\t\t\t<p><br><\/p><p>Lograr la satisfacci\u00f3n de nuestros clientes, con productos innovadores en el mercado de los recubrimientos en M\u00e9xico con capacidad para responder a la demanda de los clientes con un amplio cat\u00e1logo, distingui\u00e9ndonos como proveedores de productos para decoraci\u00f3n y acabados, basada en una organizaci\u00f3n \u00e1gil, ligera, certera y consistente en la mejora continua.<\/p>\t\t\t\t\t\t\t\t<\/div>\n\t\t\t\t<\/div>\n\t\t\t\t\t<\/div>\n\t\t<\/div>\n\t\t\t\t<div class=\"elementor-column elementor-col-33 elementor-top-column elementor-element elementor-element-08b7834\" data-id=\"08b7834\" data-element_type=\"column\" data-e-type=\"column\">\n\t\t\t<div class=\"elementor-widget-wrap elementor-element-populated\">\n\t\t\t\t\t\t<div class=\"elementor-element elementor-element-a3a4a28 elementor-widget elementor-widget-image\" data-id=\"a3a4a28\" data-element_type=\"widget\" data-e-type=\"widget\" data-widget_type=\"image.default\">\n\t\t\t\t<div class=\"elementor-widget-container\">\n\t\t\t\t\t\t\t\t\t\t\t\t\t\t\t<img decoding=\"async\" width=\"895\" height=\"895\" src=\"https:\/\/cenezzia.com\/wp-content\/uploads\/2022\/07\/ima2-1024x1024.jpg\" class=\"attachment-large size-large wp-image-19099\" alt=\"\" srcset=\"https:\/\/cenezzia.com\/wp-content\/uploads\/2022\/07\/ima2.jpg 1024w, https:\/\/cenezzia.com\/wp-content\/uploads\/2022\/07\/ima2-300x300.jpg 300w, https:\/\/cenezzia.com\/wp-content\/uploads\/2022\/07\/ima2-150x150.jpg 150w, https:\/\/cenezzia.com\/wp-content\/uploads\/2022\/07\/ima2-768x768.jpg 768w, https:\/\/cenezzia.com\/wp-content\/uploads\/2022\/07\/ima2-145x145.jpg 145w, https:\/\/cenezzia.com\/wp-content\/uploads\/2022\/07\/ima2-50x50.jpg 50w, https:\/\/cenezzia.com\/wp-content\/uploads\/2022\/07\/ima2-600x600.jpg 600w, https:\/\/cenezzia.com\/wp-content\/uploads\/2022\/07\/ima2-100x100.jpg 100w\" sizes=\"(max-width: 895px) 100vw, 895px\" \/>\t\t\t\t\t\t\t\t\t\t\t\t\t\t\t<\/div>\n\t\t\t\t<\/div>\n\t\t\t\t\t<\/div>\n\t\t<\/div>\n\t\t\t\t\t<\/div>\n\t\t<\/section>\n\t\t\t\t<section class=\"elementor-section elementor-top-section elementor-element elementor-element-39025b5 elementor-section-boxed elementor-section-height-default elementor-section-height-default\" data-id=\"39025b5\" data-element_type=\"section\" data-e-type=\"section\">\n\t\t\t\t\t\t<div class=\"elementor-container elementor-column-gap-default\">\n\t\t\t\t\t<div class=\"elementor-column elementor-col-100 elementor-top-column elementor-element elementor-element-e0faf8d\" data-id=\"e0faf8d\" data-element_type=\"column\" data-e-type=\"column\">\n\t\t\t<div class=\"elementor-widget-wrap\">\n\t\t\t\t\t\t\t<\/div>\n\t\t<\/div>\n\t\t\t\t\t<\/div>\n\t\t<\/section>\n\t\t\t\t<\/div>\n\t\t","protected":false},"excerpt":{"rendered":"<p>Visi\u00f3n Lograr la satisfacci\u00f3n de nuestros clientes, con productos innovadores en el mercado de los recubrimientos en M\u00e9xico con capacidad para responder a la demanda de los clientes con un amplio cat\u00e1logo, distingui\u00e9ndonos como proveedores de productos para decoraci\u00f3n y acabados, basada en una organizaci\u00f3n \u00e1gil, ligera, certera y consistente en la mejora continua.<\/p>\n","protected":false},"author":2,"featured_media":0,"parent":0,"menu_order":0,"comment_status":"closed","ping_status":"closed","template":"","meta":{"footnotes":""},"class_list":["post-19187","page","type-page","status-publish","hentry"],"yoast_head":"<!-- This site is optimized with the Yoast SEO plugin v27.5 - https:\/\/yoast.com\/product\/yoast-seo-wordpress\/ -->\n<title>Visi\u00f3n - Cenezzia - Innovaci\u00f3n y Dise\u00f1o<\/title>\n<meta name=\"robots\" content=\"index, follow, max-snippet:-1, max-image-preview:large, max-video-preview:-1\" \/>\n<link rel=\"canonical\" href=\"https:\/\/cenezzia.com\/?page_id=19187\" \/>\n<meta property=\"og:locale\" content=\"es_ES\" \/>\n<meta property=\"og:type\" content=\"article\" \/>\n<meta property=\"og:title\" content=\"Visi\u00f3n - Cenezzia - Innovaci\u00f3n y Dise\u00f1o\" \/>\n<meta property=\"og:description\" content=\"Visi\u00f3n Lograr la satisfacci\u00f3n de nuestros clientes, con productos innovadores en el mercado de los recubrimientos en M\u00e9xico con capacidad para responder a la demanda de los clientes con un amplio cat\u00e1logo, distingui\u00e9ndonos como proveedores de productos para decoraci\u00f3n y acabados, basada en una organizaci\u00f3n \u00e1gil, ligera, certera y consistente en la mejora continua.\" \/>\n<meta property=\"og:url\" content=\"https:\/\/cenezzia.com\/?page_id=19187\" \/>\n<meta property=\"og:site_name\" content=\"Cenezzia - Innovaci\u00f3n y Dise\u00f1o\" \/>\n<meta property=\"article:modified_time\" content=\"2022-07-22T18:25:21+00:00\" \/>\n<meta property=\"og:image\" content=\"https:\/\/cenezzia.com\/wp-content\/uploads\/2022\/07\/ima2-1024x1024.jpg\" \/>\n<meta name=\"twitter:card\" content=\"summary_large_image\" \/>\n<meta name=\"twitter:label1\" content=\"Tiempo de lectura\" \/>\n\t<meta name=\"twitter:data1\" content=\"2 minutos\" \/>\n<script type=\"application\/ld+json\" class=\"yoast-schema-graph\">{\"@context\":\"https:\\\/\\\/schema.org\",\"@graph\":[{\"@type\":\"WebPage\",\"@id\":\"https:\\\/\\\/cenezzia.com\\\/?page_id=19187\",\"url\":\"https:\\\/\\\/cenezzia.com\\\/?page_id=19187\",\"name\":\"Visi\u00f3n - Cenezzia - Innovaci\u00f3n y Dise\u00f1o\",\"isPartOf\":{\"@id\":\"https:\\\/\\\/cenezzia.com\\\/#website\"},\"primaryImageOfPage\":{\"@id\":\"https:\\\/\\\/cenezzia.com\\\/?page_id=19187#primaryimage\"},\"image\":{\"@id\":\"https:\\\/\\\/cenezzia.com\\\/?page_id=19187#primaryimage\"},\"thumbnailUrl\":\"https:\\\/\\\/cenezzia.com\\\/wp-content\\\/uploads\\\/2022\\\/07\\\/ima2-1024x1024.jpg\",\"datePublished\":\"2022-07-22T16:52:32+00:00\",\"dateModified\":\"2022-07-22T18:25:21+00:00\",\"breadcrumb\":{\"@id\":\"https:\\\/\\\/cenezzia.com\\\/?page_id=19187#breadcrumb\"},\"inLanguage\":\"es\",\"potentialAction\":[{\"@type\":\"ReadAction\",\"target\":[\"https:\\\/\\\/cenezzia.com\\\/?page_id=19187\"]}]},{\"@type\":\"ImageObject\",\"inLanguage\":\"es\",\"@id\":\"https:\\\/\\\/cenezzia.com\\\/?page_id=19187#primaryimage\",\"url\":\"https:\\\/\\\/cenezzia.com\\\/wp-content\\\/uploads\\\/2022\\\/07\\\/ima2.jpg\",\"contentUrl\":\"https:\\\/\\\/cenezzia.com\\\/wp-content\\\/uploads\\\/2022\\\/07\\\/ima2.jpg\",\"width\":1024,\"height\":1024},{\"@type\":\"BreadcrumbList\",\"@id\":\"https:\\\/\\\/cenezzia.com\\\/?page_id=19187#breadcrumb\",\"itemListElement\":[{\"@type\":\"ListItem\",\"position\":1,\"name\":\"Home\",\"item\":\"https:\\\/\\\/cenezzia.com\\\/\"},{\"@type\":\"ListItem\",\"position\":2,\"name\":\"Visi\u00f3n\"}]},{\"@type\":\"WebSite\",\"@id\":\"https:\\\/\\\/cenezzia.com\\\/#website\",\"url\":\"https:\\\/\\\/cenezzia.com\\\/\",\"name\":\"Cenezzia - Innovaci\u00f3n y Dise\u00f1o\",\"description\":\"DECORADOS QUE PROYECTAN ELEGANCIA Y DISTINCI\u00d3N\",\"potentialAction\":[{\"@type\":\"SearchAction\",\"target\":{\"@type\":\"EntryPoint\",\"urlTemplate\":\"https:\\\/\\\/cenezzia.com\\\/?s={search_term_string}\"},\"query-input\":{\"@type\":\"PropertyValueSpecification\",\"valueRequired\":true,\"valueName\":\"search_term_string\"}}],\"inLanguage\":\"es\"}]}<\/script>\n<!-- \/ Yoast SEO plugin. -->","yoast_head_json":{"title":"Visi\u00f3n - Cenezzia - Innovaci\u00f3n y Dise\u00f1o","robots":{"index":"index","follow":"follow","max-snippet":"max-snippet:-1","max-image-preview":"max-image-preview:large","max-video-preview":"max-video-preview:-1"},"canonical":"https:\/\/cenezzia.com\/?page_id=19187","og_locale":"es_ES","og_type":"article","og_title":"Visi\u00f3n - Cenezzia - Innovaci\u00f3n y Dise\u00f1o","og_description":"Visi\u00f3n Lograr la satisfacci\u00f3n de nuestros clientes, con productos innovadores en el mercado de los recubrimientos en M\u00e9xico con capacidad para responder a la demanda de los clientes con un amplio cat\u00e1logo, distingui\u00e9ndonos como proveedores de productos para decoraci\u00f3n y acabados, basada en una organizaci\u00f3n \u00e1gil, ligera, certera y consistente en la mejora continua.","og_url":"https:\/\/cenezzia.com\/?page_id=19187","og_site_name":"Cenezzia - Innovaci\u00f3n y Dise\u00f1o","article_modified_time":"2022-07-22T18:25:21+00:00","og_image":[{"url":"https:\/\/cenezzia.com\/wp-content\/uploads\/2022\/07\/ima2-1024x1024.jpg","type":"","width":"","height":""}],"twitter_card":"summary_large_image","twitter_misc":{"Tiempo de lectura":"2 minutos"},"schema":{"@context":"https:\/\/schema.org","@graph":[{"@type":"WebPage","@id":"https:\/\/cenezzia.com\/?page_id=19187","url":"https:\/\/cenezzia.com\/?page_id=19187","name":"Visi\u00f3n - Cenezzia - Innovaci\u00f3n y Dise\u00f1o","isPartOf":{"@id":"https:\/\/cenezzia.com\/#website"},"primaryImageOfPage":{"@id":"https:\/\/cenezzia.com\/?page_id=19187#primaryimage"},"image":{"@id":"https:\/\/cenezzia.com\/?page_id=19187#primaryimage"},"thumbnailUrl":"https:\/\/cenezzia.com\/wp-content\/uploads\/2022\/07\/ima2-1024x1024.jpg","datePublished":"2022-07-22T16:52:32+00:00","dateModified":"2022-07-22T18:25:21+00:00","breadcrumb":{"@id":"https:\/\/cenezzia.com\/?page_id=19187#breadcrumb"},"inLanguage":"es","potentialAction":[{"@type":"ReadAction","target":["https:\/\/cenezzia.com\/?page_id=19187"]}]},{"@type":"ImageObject","inLanguage":"es","@id":"https:\/\/cenezzia.com\/?page_id=19187#primaryimage","url":"https:\/\/cenezzia.com\/wp-content\/uploads\/2022\/07\/ima2.jpg","contentUrl":"https:\/\/cenezzia.com\/wp-content\/uploads\/2022\/07\/ima2.jpg","width":1024,"height":1024},{"@type":"BreadcrumbList","@id":"https:\/\/cenezzia.com\/?page_id=19187#breadcrumb","itemListElement":[{"@type":"ListItem","position":1,"name":"Home","item":"https:\/\/cenezzia.com\/"},{"@type":"ListItem","position":2,"name":"Visi\u00f3n"}]},{"@type":"WebSite","@id":"https:\/\/cenezzia.com\/#website","url":"https:\/\/cenezzia.com\/","name":"Cenezzia - Innovaci\u00f3n y Dise\u00f1o","description":"DECORADOS QUE PROYECTAN ELEGANCIA Y DISTINCI\u00d3N","potentialAction":[{"@type":"SearchAction","target":{"@type":"EntryPoint","urlTemplate":"https:\/\/cenezzia.com\/?s={search_term_string}"},"query-input":{"@type":"PropertyValueSpecification","valueRequired":true,"valueName":"search_term_string"}}],"inLanguage":"es"}]}},"jetpack_sharing_enabled":true,"_links":{"self":[{"href":"https:\/\/cenezzia.com\/index.php?rest_route=\/wp\/v2\/pages\/19187","targetHints":{"allow":["GET"]}}],"collection":[{"href":"https:\/\/cenezzia.com\/index.php?rest_route=\/wp\/v2\/pages"}],"about":[{"href":"https:\/\/cenezzia.com\/index.php?rest_route=\/wp\/v2\/types\/page"}],"author":[{"embeddable":true,"href":"https:\/\/cenezzia.com\/index.php?rest_route=\/wp\/v2\/users\/2"}],"replies":[{"embeddable":true,"href":"https:\/\/cenezzia.com\/index.php?rest_route=%2Fwp%2Fv2%2Fcomments&post=19187"}],"version-history":[{"count":13,"href":"https:\/\/cenezzia.com\/index.php?rest_route=\/wp\/v2\/pages\/19187\/revisions"}],"predecessor-version":[{"id":19234,"href":"https:\/\/cenezzia.com\/index.php?rest_route=\/wp\/v2\/pages\/19187\/revisions\/19234"}],"wp:attachment":[{"href":"https:\/\/cenezzia.com\/index.php?rest_route=%2Fwp%2Fv2%2Fmedia&parent=19187"}],"curies":[{"name":"wp","href":"https:\/\/api.w.org\/{rel}","templated":true}]}}