{"id":19166,"date":"2022-07-22T16:41:05","date_gmt":"2022-07-22T16:41:05","guid":{"rendered":"https:\/\/cenezzia.com\/?page_id=19166"},"modified":"2022-07-22T18:27:51","modified_gmt":"2022-07-22T18:27:51","slug":"objetivo-2","status":"publish","type":"page","link":"https:\/\/cenezzia.com\/?page_id=19166","title":{"rendered":"Objetivo"},"content":{"rendered":"\t\t<div data-elementor-type=\"wp-page\" data-elementor-id=\"19166\" class=\"elementor elementor-19166\">\n\t\t\t\t\t\t<section class=\"elementor-section elementor-top-section elementor-element elementor-element-58d9e8e elementor-section-boxed elementor-section-height-default elementor-section-height-default\" data-id=\"58d9e8e\" data-element_type=\"section\" data-e-type=\"section\">\n\t\t\t\t\t\t<div class=\"elementor-container elementor-column-gap-default\">\n\t\t\t\t\t<div class=\"elementor-column elementor-col-100 elementor-top-column elementor-element elementor-element-64e04c8\" data-id=\"64e04c8\" data-element_type=\"column\" data-e-type=\"column\">\n\t\t\t<div class=\"elementor-widget-wrap elementor-element-populated\">\n\t\t\t\t\t\t<div class=\"elementor-element elementor-element-40f663a elementor-widget elementor-widget-slider_revolution\" data-id=\"40f663a\" data-element_type=\"widget\" data-e-type=\"widget\" data-widget_type=\"slider_revolution.default\">\n\t\t\t\t<div class=\"elementor-widget-container\">\n\t\t\t\t\t\r\n\t\t<div class=\"wp-block-themepunch-revslider\">\n\t\t\t<!-- START slide2 REVOLUTION SLIDER 6.6.12 --><p class=\"rs-p-wp-fix\"><\/p>\n\t\t\t<rs-module-wrap id=\"rev_slider_8_1_wrapper\" data-source=\"gallery\" style=\"visibility:hidden;background:transparent;padding:0;margin:0px auto;margin-top:0;margin-bottom:0;max-width:none;\">\n\t\t\t\t<rs-module id=\"rev_slider_8_1\" style=\"\" data-version=\"6.6.12\">\n\t\t\t\t\t<rs-slides style=\"overflow: hidden; position: absolute;\">\n\t\t\t\t\t\t<rs-slide style=\"position: absolute;\" data-key=\"rs-26\" data-title=\"main banner1\" data-thumb=\"\/\/cenezzia.com\/wp-content\/uploads\/2022\/07\/sliderf-100x50.jpg\" data-anim=\"adpr:false;p:dark;f:slidebased;\" data-in=\"o:1;y:(100%);m:true;col:5;\" data-out=\"a:false;\">\n\t\t\t\t\t\t\t<img fetchpriority=\"high\" decoding=\"async\" src=\"\/\/cenezzia.com\/wp-content\/plugins\/revslider\/public\/assets\/assets\/dummy.png\" alt=\"\" title=\"sliderf\" width=\"2537\" height=\"867\" class=\"rev-slidebg tp-rs-img rs-lazyload\" data-lazyload=\"\/\/cenezzia.com\/wp-content\/uploads\/2022\/07\/sliderf.jpg\" data-panzoom=\"d:10000ms;e:power0.in;ss:100;se:110%;\" data-no-retina>\n<!---->\t\t\t\t\t\t<\/rs-slide>\n\t\t\t\t\t\t<rs-slide style=\"position: absolute;\" data-key=\"rs-27\" data-title=\"main banner1\" data-thumb=\"\/\/cenezzia.com\/wp-content\/uploads\/2022\/07\/slidere-100x50.jpg\" data-anim=\"adpr:false;f:slidebased;\" data-in=\"o:1;y:cyc(100%|-100%);m:true;col:8;\" data-out=\"a:false;\">\n\t\t\t\t\t\t\t<img decoding=\"async\" src=\"\/\/cenezzia.com\/wp-content\/plugins\/revslider\/public\/assets\/assets\/dummy.png\" alt=\"\" title=\"slidere\" width=\"2537\" height=\"867\" class=\"rev-slidebg tp-rs-img rs-lazyload\" data-lazyload=\"\/\/cenezzia.com\/wp-content\/uploads\/2022\/07\/slidere.jpg\" data-panzoom=\"d:10000ms;e:power0.in;ss:100;se:110%;\" data-no-retina>\n<!---->\t\t\t\t\t\t<\/rs-slide>\n\t\t\t\t\t<\/rs-slides>\n\t\t\t\t\t<rs-static-layers><!--\n\t\t\t\t\t--><\/rs-static-layers>\n\t\t\t\t<\/rs-module>\n\t\t\t\t<script>\n\t\t\t\t\tsetREVStartSize({c: 'rev_slider_8_1',rl:[1240,1024,778,480],el:[650,440,420,400],gw:[1903,937,767,480],gh:[650,440,420,400],type:'standard',justify:'',layout:'fullwidth',mh:\"0\"});if (window.RS_MODULES!==undefined && window.RS_MODULES.modules!==undefined && window.RS_MODULES.modules[\"revslider81\"]!==undefined) {window.RS_MODULES.modules[\"revslider81\"].once = false;window.revapi8 = undefined;if (window.RS_MODULES.checkMinimal!==undefined) window.RS_MODULES.checkMinimal()}\n\t\t\t\t<\/script>\n\t\t\t<\/rs-module-wrap>\n\t\t\t<!-- END REVOLUTION SLIDER -->\n<\/div>\r\n\r\n\t\t\t\t\t\t<\/div>\n\t\t\t\t<\/div>\n\t\t\t\t<div class=\"elementor-element elementor-element-d6b8c06 tm-title elementor-widget elementor-widget-heading\" data-id=\"d6b8c06\" data-element_type=\"widget\" data-e-type=\"widget\" data-widget_type=\"heading.default\">\n\t\t\t\t<div class=\"elementor-widget-container\">\n\t\t\t\t\t<h2 class=\"elementor-heading-title elementor-size-default\">Objetivo<\/h2>\t\t\t\t<\/div>\n\t\t\t\t<\/div>\n\t\t\t\t\t<\/div>\n\t\t<\/div>\n\t\t\t\t\t<\/div>\n\t\t<\/section>\n\t\t\t\t<section class=\"elementor-section elementor-top-section elementor-element elementor-element-5bacad5 elementor-section-boxed elementor-section-height-default elementor-section-height-default\" data-id=\"5bacad5\" data-element_type=\"section\" data-e-type=\"section\">\n\t\t\t\t\t\t<div class=\"elementor-container elementor-column-gap-default\">\n\t\t\t\t\t<div class=\"elementor-column elementor-col-66 elementor-top-column elementor-element elementor-element-b6ade5d\" data-id=\"b6ade5d\" data-element_type=\"column\" data-e-type=\"column\">\n\t\t\t<div class=\"elementor-widget-wrap elementor-element-populated\">\n\t\t\t\t\t\t<div class=\"elementor-element elementor-element-584c7ce elementor-widget elementor-widget-text-editor\" data-id=\"584c7ce\" data-element_type=\"widget\" data-e-type=\"widget\" data-widget_type=\"text-editor.default\">\n\t\t\t\t<div class=\"elementor-widget-container\">\n\t\t\t\t\t\t\t\t\t<p>\u00a0<\/p><p>Ser el proveedor numero uno en el territorio nacional con la mejor l\u00ednea de productos Cer\u00e1micos, Porcel\u00e1nicos y Decorados que marquen una diferencia en el mercado, adem\u00e1s de brindar un servicio integral para nuestros clientes, contando con un equipo de Asesores comerciales, Vendedores Jr, SAC, Servicio de entrega Express y Almacenes en las principales ciudades del Pa\u00eds que nos permitan estar muy cerca de todos nuestros Socios Comerciales con el fin de brindarles una atenci\u00f3n de excelencia.<\/p>\t\t\t\t\t\t\t\t<\/div>\n\t\t\t\t<\/div>\n\t\t\t\t\t<\/div>\n\t\t<\/div>\n\t\t\t\t<div class=\"elementor-column elementor-col-33 elementor-top-column elementor-element elementor-element-10f0ae9\" data-id=\"10f0ae9\" data-element_type=\"column\" data-e-type=\"column\">\n\t\t\t<div class=\"elementor-widget-wrap elementor-element-populated\">\n\t\t\t\t\t\t<div class=\"elementor-element elementor-element-8853c08 elementor-widget elementor-widget-image\" data-id=\"8853c08\" data-element_type=\"widget\" data-e-type=\"widget\" data-widget_type=\"image.default\">\n\t\t\t\t<div class=\"elementor-widget-container\">\n\t\t\t\t\t\t\t\t\t\t\t\t\t\t\t<img decoding=\"async\" width=\"895\" height=\"895\" src=\"https:\/\/cenezzia.com\/wp-content\/uploads\/2022\/07\/ima1-1024x1024.jpg\" class=\"attachment-large size-large wp-image-19098\" alt=\"\" srcset=\"https:\/\/cenezzia.com\/wp-content\/uploads\/2022\/07\/ima1.jpg 1024w, https:\/\/cenezzia.com\/wp-content\/uploads\/2022\/07\/ima1-300x300.jpg 300w, https:\/\/cenezzia.com\/wp-content\/uploads\/2022\/07\/ima1-150x150.jpg 150w, https:\/\/cenezzia.com\/wp-content\/uploads\/2022\/07\/ima1-768x768.jpg 768w, https:\/\/cenezzia.com\/wp-content\/uploads\/2022\/07\/ima1-145x145.jpg 145w, https:\/\/cenezzia.com\/wp-content\/uploads\/2022\/07\/ima1-50x50.jpg 50w, https:\/\/cenezzia.com\/wp-content\/uploads\/2022\/07\/ima1-600x600.jpg 600w, https:\/\/cenezzia.com\/wp-content\/uploads\/2022\/07\/ima1-100x100.jpg 100w\" sizes=\"(max-width: 895px) 100vw, 895px\" \/>\t\t\t\t\t\t\t\t\t\t\t\t\t\t\t<\/div>\n\t\t\t\t<\/div>\n\t\t\t\t\t<\/div>\n\t\t<\/div>\n\t\t\t\t\t<\/div>\n\t\t<\/section>\n\t\t\t\t<section class=\"elementor-section elementor-top-section elementor-element elementor-element-3c38470 elementor-section-boxed elementor-section-height-default elementor-section-height-default\" data-id=\"3c38470\" data-element_type=\"section\" data-e-type=\"section\">\n\t\t\t\t\t\t<div class=\"elementor-container elementor-column-gap-default\">\n\t\t\t\t\t<div class=\"elementor-column elementor-col-100 elementor-top-column elementor-element elementor-element-c13f0c0\" data-id=\"c13f0c0\" data-element_type=\"column\" data-e-type=\"column\">\n\t\t\t<div class=\"elementor-widget-wrap\">\n\t\t\t\t\t\t\t<\/div>\n\t\t<\/div>\n\t\t\t\t\t<\/div>\n\t\t<\/section>\n\t\t\t\t<\/div>\n\t\t","protected":false},"excerpt":{"rendered":"<p>Objetivo \u00a0 Ser el proveedor numero uno en el territorio nacional con la mejor l\u00ednea de productos Cer\u00e1micos, Porcel\u00e1nicos y Decorados que marquen una diferencia en el mercado, adem\u00e1s de brindar un servicio integral para nuestros clientes, contando con un equipo de Asesores comerciales, Vendedores Jr, SAC, Servicio de entrega Express y Almacenes en las [&hellip;]<\/p>\n","protected":false},"author":2,"featured_media":0,"parent":0,"menu_order":0,"comment_status":"closed","ping_status":"closed","template":"","meta":{"footnotes":""},"class_list":["post-19166","page","type-page","status-publish","hentry"],"yoast_head":"<!-- This site is optimized with the Yoast SEO plugin v27.5 - https:\/\/yoast.com\/product\/yoast-seo-wordpress\/ -->\n<title>Objetivo - Cenezzia - Innovaci\u00f3n y Dise\u00f1o<\/title>\n<meta name=\"robots\" content=\"index, follow, max-snippet:-1, max-image-preview:large, max-video-preview:-1\" \/>\n<link rel=\"canonical\" href=\"https:\/\/cenezzia.com\/?page_id=19166\" \/>\n<meta property=\"og:locale\" content=\"es_ES\" \/>\n<meta property=\"og:type\" content=\"article\" \/>\n<meta property=\"og:title\" content=\"Objetivo - Cenezzia - Innovaci\u00f3n y Dise\u00f1o\" \/>\n<meta property=\"og:description\" content=\"Objetivo \u00a0 Ser el proveedor numero uno en el territorio nacional con la mejor l\u00ednea de productos Cer\u00e1micos, Porcel\u00e1nicos y Decorados que marquen una diferencia en el mercado, adem\u00e1s de brindar un servicio integral para nuestros clientes, contando con un equipo de Asesores comerciales, Vendedores Jr, SAC, Servicio de entrega Express y Almacenes en las [&hellip;]\" \/>\n<meta property=\"og:url\" content=\"https:\/\/cenezzia.com\/?page_id=19166\" \/>\n<meta property=\"og:site_name\" content=\"Cenezzia - Innovaci\u00f3n y Dise\u00f1o\" \/>\n<meta property=\"article:modified_time\" content=\"2022-07-22T18:27:51+00:00\" \/>\n<meta property=\"og:image\" content=\"https:\/\/cenezzia.com\/wp-content\/uploads\/2022\/07\/ima1-1024x1024.jpg\" \/>\n<meta name=\"twitter:card\" content=\"summary_large_image\" \/>\n<meta name=\"twitter:label1\" content=\"Tiempo de lectura\" \/>\n\t<meta name=\"twitter:data1\" content=\"2 minutos\" \/>\n<script type=\"application\/ld+json\" class=\"yoast-schema-graph\">{\"@context\":\"https:\\\/\\\/schema.org\",\"@graph\":[{\"@type\":\"WebPage\",\"@id\":\"https:\\\/\\\/cenezzia.com\\\/?page_id=19166\",\"url\":\"https:\\\/\\\/cenezzia.com\\\/?page_id=19166\",\"name\":\"Objetivo - Cenezzia - Innovaci\u00f3n y Dise\u00f1o\",\"isPartOf\":{\"@id\":\"https:\\\/\\\/cenezzia.com\\\/#website\"},\"primaryImageOfPage\":{\"@id\":\"https:\\\/\\\/cenezzia.com\\\/?page_id=19166#primaryimage\"},\"image\":{\"@id\":\"https:\\\/\\\/cenezzia.com\\\/?page_id=19166#primaryimage\"},\"thumbnailUrl\":\"https:\\\/\\\/cenezzia.com\\\/wp-content\\\/uploads\\\/2022\\\/07\\\/ima1-1024x1024.jpg\",\"datePublished\":\"2022-07-22T16:41:05+00:00\",\"dateModified\":\"2022-07-22T18:27:51+00:00\",\"breadcrumb\":{\"@id\":\"https:\\\/\\\/cenezzia.com\\\/?page_id=19166#breadcrumb\"},\"inLanguage\":\"es\",\"potentialAction\":[{\"@type\":\"ReadAction\",\"target\":[\"https:\\\/\\\/cenezzia.com\\\/?page_id=19166\"]}]},{\"@type\":\"ImageObject\",\"inLanguage\":\"es\",\"@id\":\"https:\\\/\\\/cenezzia.com\\\/?page_id=19166#primaryimage\",\"url\":\"https:\\\/\\\/cenezzia.com\\\/wp-content\\\/uploads\\\/2022\\\/07\\\/ima1.jpg\",\"contentUrl\":\"https:\\\/\\\/cenezzia.com\\\/wp-content\\\/uploads\\\/2022\\\/07\\\/ima1.jpg\",\"width\":1024,\"height\":1024},{\"@type\":\"BreadcrumbList\",\"@id\":\"https:\\\/\\\/cenezzia.com\\\/?page_id=19166#breadcrumb\",\"itemListElement\":[{\"@type\":\"ListItem\",\"position\":1,\"name\":\"Home\",\"item\":\"https:\\\/\\\/cenezzia.com\\\/\"},{\"@type\":\"ListItem\",\"position\":2,\"name\":\"Objetivo\"}]},{\"@type\":\"WebSite\",\"@id\":\"https:\\\/\\\/cenezzia.com\\\/#website\",\"url\":\"https:\\\/\\\/cenezzia.com\\\/\",\"name\":\"Cenezzia - Innovaci\u00f3n y Dise\u00f1o\",\"description\":\"DECORADOS QUE PROYECTAN ELEGANCIA Y DISTINCI\u00d3N\",\"potentialAction\":[{\"@type\":\"SearchAction\",\"target\":{\"@type\":\"EntryPoint\",\"urlTemplate\":\"https:\\\/\\\/cenezzia.com\\\/?s={search_term_string}\"},\"query-input\":{\"@type\":\"PropertyValueSpecification\",\"valueRequired\":true,\"valueName\":\"search_term_string\"}}],\"inLanguage\":\"es\"}]}<\/script>\n<!-- \/ Yoast SEO plugin. -->","yoast_head_json":{"title":"Objetivo - Cenezzia - Innovaci\u00f3n y Dise\u00f1o","robots":{"index":"index","follow":"follow","max-snippet":"max-snippet:-1","max-image-preview":"max-image-preview:large","max-video-preview":"max-video-preview:-1"},"canonical":"https:\/\/cenezzia.com\/?page_id=19166","og_locale":"es_ES","og_type":"article","og_title":"Objetivo - Cenezzia - Innovaci\u00f3n y Dise\u00f1o","og_description":"Objetivo \u00a0 Ser el proveedor numero uno en el territorio nacional con la mejor l\u00ednea de productos Cer\u00e1micos, Porcel\u00e1nicos y Decorados que marquen una diferencia en el mercado, adem\u00e1s de brindar un servicio integral para nuestros clientes, contando con un equipo de Asesores comerciales, Vendedores Jr, SAC, Servicio de entrega Express y Almacenes en las [&hellip;]","og_url":"https:\/\/cenezzia.com\/?page_id=19166","og_site_name":"Cenezzia - Innovaci\u00f3n y Dise\u00f1o","article_modified_time":"2022-07-22T18:27:51+00:00","og_image":[{"url":"https:\/\/cenezzia.com\/wp-content\/uploads\/2022\/07\/ima1-1024x1024.jpg","type":"","width":"","height":""}],"twitter_card":"summary_large_image","twitter_misc":{"Tiempo de lectura":"2 minutos"},"schema":{"@context":"https:\/\/schema.org","@graph":[{"@type":"WebPage","@id":"https:\/\/cenezzia.com\/?page_id=19166","url":"https:\/\/cenezzia.com\/?page_id=19166","name":"Objetivo - Cenezzia - Innovaci\u00f3n y Dise\u00f1o","isPartOf":{"@id":"https:\/\/cenezzia.com\/#website"},"primaryImageOfPage":{"@id":"https:\/\/cenezzia.com\/?page_id=19166#primaryimage"},"image":{"@id":"https:\/\/cenezzia.com\/?page_id=19166#primaryimage"},"thumbnailUrl":"https:\/\/cenezzia.com\/wp-content\/uploads\/2022\/07\/ima1-1024x1024.jpg","datePublished":"2022-07-22T16:41:05+00:00","dateModified":"2022-07-22T18:27:51+00:00","breadcrumb":{"@id":"https:\/\/cenezzia.com\/?page_id=19166#breadcrumb"},"inLanguage":"es","potentialAction":[{"@type":"ReadAction","target":["https:\/\/cenezzia.com\/?page_id=19166"]}]},{"@type":"ImageObject","inLanguage":"es","@id":"https:\/\/cenezzia.com\/?page_id=19166#primaryimage","url":"https:\/\/cenezzia.com\/wp-content\/uploads\/2022\/07\/ima1.jpg","contentUrl":"https:\/\/cenezzia.com\/wp-content\/uploads\/2022\/07\/ima1.jpg","width":1024,"height":1024},{"@type":"BreadcrumbList","@id":"https:\/\/cenezzia.com\/?page_id=19166#breadcrumb","itemListElement":[{"@type":"ListItem","position":1,"name":"Home","item":"https:\/\/cenezzia.com\/"},{"@type":"ListItem","position":2,"name":"Objetivo"}]},{"@type":"WebSite","@id":"https:\/\/cenezzia.com\/#website","url":"https:\/\/cenezzia.com\/","name":"Cenezzia - Innovaci\u00f3n y Dise\u00f1o","description":"DECORADOS QUE PROYECTAN ELEGANCIA Y DISTINCI\u00d3N","potentialAction":[{"@type":"SearchAction","target":{"@type":"EntryPoint","urlTemplate":"https:\/\/cenezzia.com\/?s={search_term_string}"},"query-input":{"@type":"PropertyValueSpecification","valueRequired":true,"valueName":"search_term_string"}}],"inLanguage":"es"}]}},"jetpack_sharing_enabled":true,"_links":{"self":[{"href":"https:\/\/cenezzia.com\/index.php?rest_route=\/wp\/v2\/pages\/19166","targetHints":{"allow":["GET"]}}],"collection":[{"href":"https:\/\/cenezzia.com\/index.php?rest_route=\/wp\/v2\/pages"}],"about":[{"href":"https:\/\/cenezzia.com\/index.php?rest_route=\/wp\/v2\/types\/page"}],"author":[{"embeddable":true,"href":"https:\/\/cenezzia.com\/index.php?rest_route=\/wp\/v2\/users\/2"}],"replies":[{"embeddable":true,"href":"https:\/\/cenezzia.com\/index.php?rest_route=%2Fwp%2Fv2%2Fcomments&post=19166"}],"version-history":[{"count":19,"href":"https:\/\/cenezzia.com\/index.php?rest_route=\/wp\/v2\/pages\/19166\/revisions"}],"predecessor-version":[{"id":19246,"href":"https:\/\/cenezzia.com\/index.php?rest_route=\/wp\/v2\/pages\/19166\/revisions\/19246"}],"wp:attachment":[{"href":"https:\/\/cenezzia.com\/index.php?rest_route=%2Fwp%2Fv2%2Fmedia&parent=19166"}],"curies":[{"name":"wp","href":"https:\/\/api.w.org\/{rel}","templated":true}]}}